{"id":1134,"date":"2021-03-23T15:05:04","date_gmt":"2021-03-23T14:05:04","guid":{"rendered":"https:\/\/enjoy.redhill.dk\/lms\/?page_id=1134"},"modified":"2021-03-29T09:08:59","modified_gmt":"2021-03-29T08:08:59","slug":"vilkaar-og-betingelser","status":"publish","type":"page","link":"https:\/\/agroganic.com\/da\/vilkaar-og-betingelser\/","title":{"rendered":"Vilk\u00e5r &#038; betingelser"},"content":{"rendered":"<h1>VILK\u00c5R &#038; BETINGELSER<\/h1>\n<div>\n<p>Oversigten over vilk\u00e5r og betingelser f\u00f8lger snarest\u2026<\/p>\n<\/div>\n<p><!--more--><br \/>\n<!-- {\"type\":\"layout\",\"children\":[{\"type\":\"section\",\"props\":{\"style\":\"default\",\"width\":\"default\",\"vertical_align\":\"middle\",\"title_position\":\"top-left\",\"title_rotation\":\"left\",\"title_breakpoint\":\"xl\",\"image_position\":\"center-center\"},\"children\":[{\"type\":\"row\",\"children\":[{\"type\":\"column\",\"props\":{\"image_position\":\"center-center\",\"media_overlay_gradient\":\"\"},\"children\":[{\"type\":\"headline\",\"props\":{\"title_element\":\"h1\",\"content\":\"VILK\\u00c5R & BETINGELSER\"}},{\"type\":\"text\",\"props\":{\"margin\":\"default\",\"column_breakpoint\":\"m\",\"content\":\"\n\n<p>Oversigten over vilk\\u00e5r og betingelser f\\u00f8lger snarest\\u2026<\\\/p>\"}}]}]}]}],\"version\":\"2.4.6\"} --><\/p>\n","protected":false},"excerpt":{"rendered":"<p>VILK\u00c5R &#038; BETINGELSER Oversigten over vilk\u00e5r og betingelser f\u00f8lger snarest\u2026<\/p>\n","protected":false},"author":1,"featured_media":0,"parent":0,"menu_order":0,"comment_status":"closed","ping_status":"closed","template":"","meta":{"_acf_changed":false,"footnotes":""},"class_list":["post-1134","page","type-page","status-publish","hentry"],"acf":[],"_links":{"self":[{"href":"https:\/\/agroganic.com\/da\/wp-json\/wp\/v2\/pages\/1134","targetHints":{"allow":["GET"]}}],"collection":[{"href":"https:\/\/agroganic.com\/da\/wp-json\/wp\/v2\/pages"}],"about":[{"href":"https:\/\/agroganic.com\/da\/wp-json\/wp\/v2\/types\/page"}],"author":[{"embeddable":true,"href":"https:\/\/agroganic.com\/da\/wp-json\/wp\/v2\/users\/1"}],"replies":[{"embeddable":true,"href":"https:\/\/agroganic.com\/da\/wp-json\/wp\/v2\/comments?post=1134"}],"version-history":[{"count":6,"href":"https:\/\/agroganic.com\/da\/wp-json\/wp\/v2\/pages\/1134\/revisions"}],"predecessor-version":[{"id":1230,"href":"https:\/\/agroganic.com\/da\/wp-json\/wp\/v2\/pages\/1134\/revisions\/1230"}],"wp:attachment":[{"href":"https:\/\/agroganic.com\/da\/wp-json\/wp\/v2\/media?parent=1134"}],"curies":[{"name":"wp","href":"https:\/\/api.w.org\/{rel}","templated":true}]}}