{"id":3022,"date":"2024-02-01T10:49:58","date_gmt":"2024-02-01T09:49:58","guid":{"rendered":"https:\/\/agroganic.com\/kontakt-2\/"},"modified":"2024-02-01T13:41:39","modified_gmt":"2024-02-01T12:41:39","slug":"kontakt","status":"publish","type":"page","link":"https:\/\/agroganic.com\/da\/kontakt\/","title":{"rendered":"Kontakt"},"content":{"rendered":"<p><img decoding=\"async\" src=\"\/wp-content\/uploads\/jumpstory-download20190828-125403-scaled.jpeg\" alt=\"Biostimulants effect\"><\/p>\n<h3>Vi vil gerne h\u00f8re fra dig!<\/h3>\n<div>\n<p>Ring til os p\u00e5 <span class=\"uk-text-primary\">+45 2010 0096<\/span><\/p>\n<\/div>\n<div>Eller send os en mail p\u00e5 <a href=\"mailto:contact@agroganic.com\">contact@agroganic.com<\/a><\/div>\n<p><!--more--><br \/>\n<!-- {\"type\":\"layout\",\"children\":[{\"name\":\"Contact\",\"type\":\"section\",\"props\":{\"animation\":\"slide-bottom-medium\",\"animation_delay\":\"200\",\"image_position\":\"center-center\",\"image_size\":\"cover\",\"padding\":\"large\",\"style\":\"muted\",\"title_breakpoint\":\"xl\",\"title_position\":\"top-left\",\"title_rotation\":\"left\",\"vertical_align\":\"middle\",\"width\":\"large\"},\"children\":[{\"type\":\"row\",\"props\":{\"divider\":true},\"children\":[{\"type\":\"column\",\"props\":{\"image_position\":\"center-center\",\"position_sticky_breakpoint\":\"m\"},\"children\":[{\"name\":\"Image Border Circle\",\"type\":\"image\",\"props\":{\"image\":\"wp-content\\\/uploads\\\/jumpstory-download20190828-125403-scaled.jpeg\",\"image_alt\":\"Biostimulants effect\",\"image_border\":\"circle\",\"image_height\":\"400\",\"image_svg_color\":\"emphasis\",\"image_width\":\"400\",\"margin\":\"\",\"text_align\":\"center\"}},{\"type\":\"headline\",\"props\":{\"content\":\"Vi vil gerne h\\u00f8re fra dig!\",\"text_align\":\"center\",\"title_element\":\"h3\",\"title_style\":\"h3\"}},{\"type\":\"text\",\"props\":{\"column_breakpoint\":\"m\",\"content\":\"\n\n<p>Ring til os p\\u00e5 <span class=\\\"uk-text-primary\\\">+45 2010 0096<\\\/span><\\\/p>\",\"margin\":\"default\",\"text_align\":\"center\",\"text_style\":\"large\"}},{\"type\":\"text\",\"props\":{\"column_breakpoint\":\"m\",\"content\":\"Eller send os en mail p\\u00e5 <a href=\\\"mailto:contact@agroganic.com\\\">contact@agroganic.com<\\\/a>\",\"margin\":\"default\",\"text_align\":\"center\"}}]}]}]}],\"version\":\"4.2.12\"} --><\/p>\n","protected":false},"excerpt":{"rendered":"<p>Vi vil gerne h\u00f8re fra dig! Ring til os p\u00e5 +45 2010 0096 Eller send os en mail p\u00e5 contact@agroganic.com<\/p>\n","protected":false},"author":1,"featured_media":0,"parent":0,"menu_order":0,"comment_status":"closed","ping_status":"closed","template":"","meta":{"_acf_changed":false,"footnotes":""},"class_list":["post-3022","page","type-page","status-publish","hentry"],"acf":[],"_links":{"self":[{"href":"https:\/\/agroganic.com\/da\/wp-json\/wp\/v2\/pages\/3022","targetHints":{"allow":["GET"]}}],"collection":[{"href":"https:\/\/agroganic.com\/da\/wp-json\/wp\/v2\/pages"}],"about":[{"href":"https:\/\/agroganic.com\/da\/wp-json\/wp\/v2\/types\/page"}],"author":[{"embeddable":true,"href":"https:\/\/agroganic.com\/da\/wp-json\/wp\/v2\/users\/1"}],"replies":[{"embeddable":true,"href":"https:\/\/agroganic.com\/da\/wp-json\/wp\/v2\/comments?post=3022"}],"version-history":[{"count":4,"href":"https:\/\/agroganic.com\/da\/wp-json\/wp\/v2\/pages\/3022\/revisions"}],"predecessor-version":[{"id":3126,"href":"https:\/\/agroganic.com\/da\/wp-json\/wp\/v2\/pages\/3022\/revisions\/3126"}],"wp:attachment":[{"href":"https:\/\/agroganic.com\/da\/wp-json\/wp\/v2\/media?parent=3022"}],"curies":[{"name":"wp","href":"https:\/\/api.w.org\/{rel}","templated":true}]}}