{"id":3024,"date":"2024-02-01T10:50:35","date_gmt":"2024-02-01T09:50:35","guid":{"rendered":"https:\/\/agroganic.com\/hjem\/"},"modified":"2024-07-10T10:06:51","modified_gmt":"2024-07-10T09:06:51","slug":"hjem","status":"publish","type":"page","link":"https:\/\/agroganic.com\/da\/","title":{"rendered":"Hjem"},"content":{"rendered":"<div>\n<p>    <img decoding=\"async\" src=\"\/wp-content\/uploads\/IMG_9971-scaled-e1688385756260.jpg\" alt=\"\"><\/p>\n<h3>REGENERATIVT LANDBRUG<\/h3>\n<p>VI FACILITERER V\u00c6RDIK\u00c6DEN FOR ET NYT OG REGENERATIVT F\u00d8DEVARESYSTEM<\/p>\n<\/div>\n<div>\n<p>        <img decoding=\"async\" src=\"\/wp-content\/uploads\/IMG_9920-2-scaled.jpg\" alt=\"\"><\/p>\n<h2>For landbrugere<\/h2>\n<p><a href=\"\/da\/for-landbrugere\/\"><\/a><\/p>\n<\/div>\n<div>\n<p>        <img decoding=\"async\" src=\"\/wp-content\/uploads\/corporate.jpg\" alt=\"\"><\/p>\n<h2>For virksomheder<\/h2>\n<p><a href=\"\/da\/for-virksomheder\/\"><\/a><\/p>\n<\/div>\n<div>\n<h3>For at opn\u00e5 de mange fordele ved regenerativt landbrug, skal vi \u00e6ndre tanke og handling igennem hele v\u00e6rdik\u00e6den<\/h3>\n<div>\n<p style=\"font-weight: 400;\">Vi er regenerative konsulenter med 20 \u00e5rs erfaring indenfor regenerative landbrugsmetoder. I de seneste \u00e5r r\u00e5dgiver vi nu ogs\u00e5 f\u00f8devarevirksomheder og andre akt\u00f8rer i v\u00e6rdik\u00e6den for regenerative f\u00f8devarer og landbrugsprodukter.\u00a0<\/p>\n<p style=\"font-weight: 400;\">Vi er en del af r\u00e5dgivningsvirksomheden Agrovi i Hiller\u00f8d, men vi arbejder i mange europ\u00e6iske lande og med forskellige slags landbrugsvirksomheder.<\/p>\n<\/div>\n<\/div>\n<p>\n    <a href=\"https:\/\/www.agrovi.dk\/\">G\u00e5 til Agrovi<\/a>\n<\/p>\n<p><img decoding=\"async\" src=\"\/wp-content\/uploads\/kort.png\" alt=\"\"><\/p>\n<hr>\n<h1>NYHEDER<\/h1>\n<div>\n<\/div>\n<hr>\n<h1>FAQ &#8211; ofte stillede sp\u00f8rgsm\u00e5l<\/h1>\n<ul>\n<li>\n<h3>HVAD ER REGENERATIVT LANDBRUG?<\/h3>\n<div>\n<p><span>Regenerativt landbrug er et dyrkningssystem, der fokuserer p\u00e5 at forbedre jordens sundhed og mindske de negative effekter der er forbundet med at dyrke landbrug. Der er stadig ikke \u00e9n enkelt definition af, hvad regenerativt landbrug indeb\u00e6rer, men systemet inkluderer som regel praksisser som minimal jordforstyrrelse, diversificerede s\u00e6dskifter, gr\u00f8nne marker \u00e5ret rundt og minimering af syntetiske input. L\u00e6s mere om, hvordan Agroganic arbejder med regenerative landbrugsprincipper\u00a0<\/span><a href=\"https:\/\/agroganic.com\/da\/principper-for-regenerativt-landbrug\/\">HER<\/a><span>.<\/span><\/p>\n<\/div>\n<\/li>\n<li>\n<h3>ER REGENERATIVT LANDBRUG B\u00c6REDYGTIGT?<\/h3>\n<div>\n<p><span>M\u00e5let med regenerativt landbrug er at forbedre jordens sundhed og minimere de negative p\u00e5virkninger fra traditionelle landbrugspraksisser. Dette medf\u00f8rer mange milj\u00f8m\u00e6ssige fordele, s\u00e5som \u00f8get CO2-lagring og bedre betingelser for biodiversitet b\u00e5de over og under jorden.<\/span><\/p>\n<\/div>\n<\/li>\n<li>\n<h3>HVAD ER DEFINITIONEN P\u00c5 REGENERATIVT LANDBRUG?<\/h3>\n<div>\n<p><span>Der findes endnu ikke en fast definition p\u00e5 regenerativt landbrug, men systemet inkluderer normalt praksisser som minimal jordforstyrrelse, diversificerede s\u00e6dskifter, gr\u00f8nne marker \u00e5ret rundt og minimering af syntetiske input. Det kan blandt andet ogs\u00e5 inkludere integrering af husdyr, skovlandbrug, pr\u00e6cisionslandbrug og companion crops. L\u00e6s mere om, hvilken definition Agroganic arbejder med\u00a0<\/span><a href=\"https:\/\/agroganic.com\/da\/principper-for-regenerativt-landbrug\/\">HER<\/a><span>.<\/span><\/p>\n<\/div>\n<\/li>\n<li>\n<h3>M\u00c5 MAN PL\u00d8JE I REGENERATIVT LANDBRUG?<\/h3>\n<div>\n<p><span>Nej, pl\u00f8jning kan ikke betragtes som en regenerativ praksis. Regenerativt landbrug sigter mod at forbedre jordens sundhed ved at lade naturlige processer tage over, og n\u00f8glen til at f\u00e5 dette til at ske er at minimere jordforstyrrelse. Pl\u00f8jning \u00f8del\u00e6gger jordstrukturen, frigiver CO2 fra jorden og mindsker jordens biodiversitet. Hvis pl\u00f8jning udf\u00f8res p\u00e5 noget tidspunkt efter konvertering til regenerativt landbrug, nulstilles systemet, og mange af fordelene, s\u00e5som jordstrukturen og den CO2, der er lagret i jorden, g\u00e5r tabt. L\u00e6s mere om direkte s\u00e5ning\u00a0<\/span><a href=\"https:\/\/agroganic.com\/the-principles-of-direct-drilling\/\">HER<\/a><span>.<\/span><\/p>\n<\/div>\n<\/li>\n<li>\n<h3>M\u00c5 MAN SPR\u00d8JTE I REGENERATIVT LANDBRUG?<\/h3>\n<div>\n<p><span>Mens nogle sm\u00e5skala landbrug kan dyrke uden pesticider, er de fleste storskala regenerative landbrug afh\u00e6ngige af en form for kemisk input for at opretholde udbyttet. Hos Agroganic mener vi, at de skadelige virkninger af insekticider p\u00e5 biodiversiteten overstiger fordelene og vi frar\u00e5der derfor enhver brug af disse. Vi erkender dog, at en vis m\u00e6ngde fungicider og herbicider er n\u00f8dvendige, is\u00e6r i overgangsfasen, indtil de naturlige processer bliver st\u00e6rke nok til at tage over. L\u00e6s mere om, hvorfor roundup bruges i regenerativt landbrug\u00a0<\/span><a href=\"https:\/\/agroganic.com\/why-does-regenerative-agriculture-support-the-use-of-glyphosate\/\">HER<\/a><span>.<\/span><\/p>\n<\/div>\n<\/li>\n<li>\n<h3>ER REGENERATIVT LANDBRUG \u00d8KOLOGISK?<\/h3>\n<div>\n<p><span>Du kan blive en regenerativ landmand, uanset om du startede som en konventionel eller \u00f8kologisk landmand. Normalt er storskala regenerative marker ikke \u00f8kologiske p\u00e5 grund af brugen af en vis m\u00e6ngde syntetisk input. \u00d8kologiske landm\u00e6nd er normalt ikke regenerative, fordi de er afh\u00e6ngige af jordforstyrrelse for at bek\u00e6mpe ukrudt.<\/span><\/p>\n<\/div>\n<\/li>\n<\/ul>\n<p><!--more--><br \/>\n<!-- {\"type\":\"layout\",\"children\":[{\"type\":\"section\",\"props\":{\"header_transparent\":true,\"header_transparent_noplaceholder\":true,\"image_position\":\"center-center\",\"padding_remove_top\":true,\"style\":\"default\",\"title_breakpoint\":\"xl\",\"title_position\":\"top-left\",\"title_rotation\":\"left\",\"vertical_align\":\"middle\",\"width\":\"\"},\"children\":[{\"type\":\"row\",\"children\":[{\"type\":\"column\",\"props\":{\"image_position\":\"center-center\",\"position_sticky_breakpoint\":\"m\"},\"children\":[{\"type\":\"slideshow\",\"props\":{\"css\":\".el-meta{\\n    font-size: 20px;\\n}\\n\",\"link_style\":\"default\",\"link_text\":\"Read more\",\"margin\":\"default\",\"meta_align\":\"below-title\",\"meta_element\":\"div\",\"meta_style\":\"text-meta\",\"nav\":\"\",\"nav_align\":\"center\",\"nav_breakpoint\":\"s\",\"nav_position\":\"bottom-center\",\"nav_position_margin\":\"medium\",\"overlay_animation\":\"parallax\",\"overlay_position\":\"center\",\"show_content\":true,\"show_link\":true,\"show_meta\":true,\"show_thumbnail\":true,\"show_title\":true,\"slidenav\":\"\",\"slidenav_breakpoint\":\"s\",\"slidenav_margin\":\"medium\",\"slidenav_outside_breakpoint\":\"xl\",\"slideshow_autoplay_pause\":true,\"slideshow_min_height\":300,\"slideshow_ratio\":\"16:6\",\"text_align\":\"center\",\"thumbnav_height\":\"75\",\"thumbnav_svg_color\":\"emphasis\",\"thumbnav_width\":\"100\",\"title_element\":\"h3\",\"title_style\":\"heading-medium\"},\"children\":[{\"type\":\"slideshow_item\",\"props\":{\"image\":\"wp-content\\\/uploads\\\/IMG_9971-scaled-e1688385756260.jpg\",\"meta\":\"VI FACILITERER V\\u00c6RDIK\\u00c6DEN FOR ET NYT OG REGENERATIVT F\\u00d8DEVARESYSTEM\",\"text_color\":\"light\",\"title\":\"REGENERATIVT LANDBRUG\"}}]}]}],\"props\":{\"column_gap\":\"small\",\"row_gap\":\"small\"}}]},{\"type\":\"section\",\"props\":{\"css\":\"@media (min-width: 1300px) {\\n    .el-section {\\n        margin-top: -200px; \\n    }\\n}\",\"height_viewport\":-200,\"image_position\":\"center-center\",\"padding_remove_top\":true,\"style\":\"default\",\"title_breakpoint\":\"xl\",\"title_position\":\"top-left\",\"title_rotation\":\"left\",\"vertical_align\":\"middle\",\"width\":\"default\"},\"children\":[{\"type\":\"row\",\"props\":{\"layout\":\"1-2,1-2\",\"parallax\":false},\"children\":[{\"type\":\"column\",\"props\":{\"image_position\":\"center-center\",\"position_sticky_breakpoint\":\"m\",\"width_medium\":\"1-2\"},\"children\":[{\"type\":\"overlay\",\"props\":{\"css\":\".el-title{color: rgba(255,255,255,0.8)}\\n.uk-overlay-default {\\n background:rgba(0, 0, 0, .2)\\n}\",\"image\":\"wp-content\\\/uploads\\\/IMG_9920-2-scaled.jpg\",\"image_border\":\"rounded\",\"image_height\":200,\"image_hover_box_shadow\":\"large\",\"image_transition\":\"scale-down\",\"image_width\":500,\"link\":\"da\\\/for-landbrugere\\\/\",\"link_style\":\"default\",\"link_text\":\"\",\"margin\":\"default\",\"media_overlay\":\"rgb(73, 112, 73)\",\"meta_align\":\"below-title\",\"meta_element\":\"div\",\"meta_style\":\"text-meta\",\"overlay_hover\":false,\"overlay_link\":true,\"overlay_mode\":\"cover\",\"overlay_position\":\"center\",\"overlay_style\":\"\",\"overlay_transition\":\"fade\",\"text_align\":\"right\",\"text_color\":\"light\",\"title\":\"For landbrugere\",\"title_element\":\"h2\",\"title_hover_style\":\"reset\",\"title_style\":\"h1\"}}]},{\"type\":\"column\",\"props\":{\"image_position\":\"center-center\",\"position_sticky_breakpoint\":\"m\",\"width_medium\":\"1-2\"},\"children\":[{\"type\":\"overlay\",\"props\":{\"css\":\".el-title{color: rgba(255,255,255,0.8)}\",\"image\":\"wp-content\\\/uploads\\\/corporate.jpg\",\"image_border\":\"rounded\",\"image_height\":200,\"image_hover_box_shadow\":\"large\",\"image_transition\":\"scale-down\",\"image_transition_border\":false,\"image_width\":500,\"link\":\"da\\\/for-virksomheder\\\/\",\"link_style\":\"default\",\"link_text\":\"\",\"margin\":\"default\",\"media_overlay\":\"#B0C0C6\",\"meta_align\":\"below-title\",\"meta_element\":\"div\",\"meta_style\":\"text-meta\",\"overlay_hover\":false,\"overlay_link\":true,\"overlay_mode\":\"cover\",\"overlay_position\":\"center\",\"overlay_style\":\"\",\"overlay_transition\":\"fade\",\"text_align\":\"left\",\"text_color\":\"light\",\"title\":\"For virksomheder\",\"title_element\":\"h2\",\"title_hover_style\":\"reset\",\"title_style\":\"h1\"}}]}]}]},{\"type\":\"section\",\"props\":{\"animation\":\"scale-down\",\"image_position\":\"center-center\",\"style\":\"default\",\"title_breakpoint\":\"xl\",\"title_position\":\"top-left\",\"title_rotation\":\"left\",\"vertical_align\":\"middle\",\"width\":\"default\"},\"children\":[{\"type\":\"row\",\"props\":{\"layout\":\"1-2,1-2\"},\"children\":[{\"type\":\"column\",\"props\":{\"image_position\":\"center-center\",\"position_sticky_breakpoint\":\"m\",\"vertical_align\":\"middle\",\"width_medium\":\"1-2\"},\"children\":[{\"name\":\"Panel Style Card Default\",\"type\":\"panel\",\"props\":{\"animation\":\"slide-left-medium\",\"block_align\":\"center\",\"content\":\"\n\n<p style=\\\"font-weight: 400;\\\">Vi er regenerative konsulenter med 20 \\u00e5rs erfaring indenfor regenerative landbrugsmetoder. I de seneste \\u00e5r r\\u00e5dgiver vi nu ogs\\u00e5 f\\u00f8devarevirksomheder og andre akt\\u00f8rer i v\\u00e6rdik\\u00e6den for regenerative f\\u00f8devarer og landbrugsprodukter.\\u00a0<\\\/p>\\n\n\n<p style=\\\"font-weight: 400;\\\">Vi er en del af r\\u00e5dgivningsvirksomheden Agrovi i Hiller\\u00f8d, men vi arbejder i mange europ\\u00e6iske lande og med forskellige slags landbrugsvirksomheder.<\\\/p>\",\"content_column_breakpoint\":\"m\",\"content_margin\":\"small\",\"icon_width\":80,\"image\":\"\",\"image_align\":\"top\",\"image_grid_breakpoint\":\"m\",\"image_grid_width\":\"1-2\",\"image_height\":\"50\",\"image_svg_color\":\"primary\",\"image_svg_inline\":true,\"image_width\":\"50\",\"link_style\":\"default\",\"link_text\":\"Read more\",\"margin\":\"default\",\"meta\":\"\",\"meta_align\":\"above-title\",\"meta_element\":\"div\",\"meta_style\":\"text-meta\",\"panel_card_image\":false,\"panel_padding\":\"default\",\"title\":\"For at opn\\u00e5 de mange fordele ved regenerativt landbrug, skal vi \\u00e6ndre tanke og handling igennem hele v\\u00e6rdik\\u00e6den\",\"title_align\":\"top\",\"title_element\":\"h3\",\"title_grid_breakpoint\":\"m\",\"title_grid_width\":\"1-2\",\"title_hover_style\":\"reset\",\"title_style\":\"text-large\"}},{\"name\":\"Button Icon Right\",\"type\":\"button\",\"children\":[{\"type\":\"button_item\",\"props\":{\"button_style\":\"default\",\"content\":\"G\\u00e5 til Agrovi\",\"icon\":\"arrow-right\",\"icon_align\":\"right\",\"link\":\"https:\\\/\\\/www.agrovi.dk\\\/\"}}],\"props\":{\"animation\":\"slide-left-medium\",\"block_align\":\"center\",\"css\":\".el-content{\\n    border-radius: 5px;\\n}\\n\",\"grid_column_gap\":\"medium\",\"grid_row_gap\":\"medium\",\"margin\":\"default\",\"margin_remove_top\":false,\"text_align\":\"center\"}}]},{\"type\":\"column\",\"props\":{\"image_position\":\"center-center\",\"position_sticky_breakpoint\":\"m\",\"width_medium\":\"1-2\"},\"children\":[{\"type\":\"image\",\"props\":{\"image\":\"wp-content\\\/uploads\\\/kort.png\",\"image_svg_color\":\"emphasis\",\"margin\":\"default\"}}]}]}]},{\"type\":\"section\",\"props\":{\"animation\":\"scale-down\",\"image_position\":\"center-center\",\"style\":\"default\",\"title_breakpoint\":\"xl\",\"title_position\":\"top-left\",\"title_rotation\":\"left\",\"vertical_align\":\"middle\",\"width\":\"default\"},\"children\":[{\"type\":\"row\",\"children\":[{\"type\":\"column\",\"props\":{\"image_position\":\"center-center\",\"position_sticky_breakpoint\":\"m\"},\"children\":[{\"type\":\"divider\",\"props\":{\"divider_element\":\"hr\"}},{\"type\":\"headline\",\"props\":{\"animation\":\"slide-left-medium\",\"content\":\"NYHEDER\",\"title_element\":\"h1\",\"title_style\":\"text-large\"}},{\"type\":\"panel-slider\",\"props\":{\"content_column_breakpoint\":\"m\",\"css\":\".el-link{\\n    border-radius: 5px;\\n}\\n\",\"icon_width\":80,\"image_align\":\"top\",\"image_border\":\"rounded\",\"image_grid_breakpoint\":\"m\",\"image_grid_width\":\"1-2\",\"image_height\":\"200\",\"image_svg_color\":\"emphasis\",\"image_width\":\"400\",\"link_fullwidth\":true,\"link_style\":\"default\",\"link_text\":\"Read more\",\"margin\":\"default\",\"meta_align\":\"below-title\",\"meta_element\":\"div\",\"meta_margin\":\"small\",\"meta_style\":\"text-meta\",\"nav\":\"dotnav\",\"nav_align\":\"center\",\"nav_breakpoint\":\"s\",\"panel_expand\":\"content\",\"panel_match\":true,\"show_content\":true,\"show_image\":true,\"show_link\":true,\"show_meta\":true,\"show_title\":true,\"slidenav\":\"\",\"slidenav_breakpoint\":\"xl\",\"slidenav_hover\":true,\"slidenav_margin\":\"medium\",\"slidenav_outside_breakpoint\":\"xl\",\"slider_autoplay_pause\":true,\"slider_finite\":false,\"slider_gap\":\"medium\",\"slider_width\":\"fixed\",\"slider_width_default\":\"1-1\",\"slider_width_medium\":\"1-3\",\"title_align\":\"top\",\"title_element\":\"h3\",\"title_grid_breakpoint\":\"m\",\"title_grid_width\":\"1-2\",\"title_hover_style\":\"reset\"},\"children\":[{\"type\":\"panel-slider_item\",\"props\":{\"link_text\":\"L\\u00c6S MERE\"},\"source\":{\"query\":{\"name\":\"posts.customPosts\",\"arguments\":{\"terms\":[44],\"category_operator\":\"IN\",\"post_tag_operator\":\"IN\",\"users\":[],\"users_operator\":\"IN\",\"offset\":0,\"limit\":10,\"order\":\"date\",\"order_direction\":\"DESC\"}},\"props\":{\"title\":{\"filters\":{\"search\":\"\",\"limit\":\"\"},\"name\":\"title\"},\"content\":{\"filters\":{\"search\":\"\",\"limit\":110},\"name\":\"excerpt\"},\"meta\":{\"filters\":{\"search\":\"\",\"date\":\"\"},\"name\":\"date\"},\"image\":{\"filters\":{\"search\":\"\"},\"name\":\"featuredImage.url\"},\"link\":{\"filters\":{\"search\":\"\"},\"name\":\"link\"}}}}]}]}]}]},{\"type\":\"section\",\"props\":{\"animation\":\"scale-down\",\"image_position\":\"center-center\",\"style\":\"default\",\"title_breakpoint\":\"xl\",\"title_position\":\"top-left\",\"title_rotation\":\"left\",\"vertical_align\":\"middle\",\"width\":\"default\"},\"children\":[{\"type\":\"row\",\"children\":[{\"type\":\"column\",\"props\":{\"image_position\":\"center-center\",\"position_sticky_breakpoint\":\"m\"},\"children\":[{\"type\":\"divider\",\"props\":{\"divider_element\":\"hr\"}},{\"type\":\"headline\",\"props\":{\"animation\":\"slide-left-medium\",\"content\":\"FAQ - ofte stillede sp\\u00f8rgsm\\u00e5l\",\"title_element\":\"h1\",\"title_style\":\"text-large\"}},{\"type\":\"accordion\",\"props\":{\"collapsible\":true,\"content_column_breakpoint\":\"m\",\"image_align\":\"top\",\"image_grid_breakpoint\":\"m\",\"image_grid_width\":\"1-2\",\"image_svg_color\":\"emphasis\",\"link_style\":\"default\",\"link_text\":\"Read more\",\"show_image\":true,\"show_link\":true},\"children\":[{\"type\":\"accordion_item\",\"props\":{\"content\":\"\n\n<p><span>Regenerativt landbrug er et dyrkningssystem, der fokuserer p\\u00e5 at forbedre jordens sundhed og mindske de negative effekter der er forbundet med at dyrke landbrug. Der er stadig ikke \\u00e9n enkelt definition af, hvad regenerativt landbrug indeb\\u00e6rer, men systemet inkluderer som regel praksisser som minimal jordforstyrrelse, diversificerede s\\u00e6dskifter, gr\\u00f8nne marker \\u00e5ret rundt og minimering af syntetiske input. L\\u00e6s mere om, hvordan Agroganic arbejder med regenerative landbrugsprincipper\\u00a0<\\\/span><a href=\\\"https:\\\/\\\/agroganic.com\\\/da\\\/principper-for-regenerativt-landbrug\\\/\\\">HER<\\\/a><span>.<\\\/span><\\\/p>\",\"title\":\"HVAD ER REGENERATIVT LANDBRUG?\"}},{\"type\":\"accordion_item\",\"props\":{\"content\":\"\n\n<p><span>M\\u00e5let med regenerativt landbrug er at forbedre jordens sundhed og minimere de negative p\\u00e5virkninger fra traditionelle landbrugspraksisser. Dette medf\\u00f8rer mange milj\\u00f8m\\u00e6ssige fordele, s\\u00e5som \\u00f8get CO2-lagring og bedre betingelser for biodiversitet b\\u00e5de over og under jorden.<\\\/span><\\\/p>\",\"title\":\"ER REGENERATIVT LANDBRUG B\\u00c6REDYGTIGT?\"}},{\"type\":\"accordion_item\",\"props\":{\"content\":\"\n\n<p><span>Der findes endnu ikke en fast definition p\\u00e5 regenerativt landbrug, men systemet inkluderer normalt praksisser som minimal jordforstyrrelse, diversificerede s\\u00e6dskifter, gr\\u00f8nne marker \\u00e5ret rundt og minimering af syntetiske input. Det kan blandt andet ogs\\u00e5 inkludere integrering af husdyr, skovlandbrug, pr\\u00e6cisionslandbrug og companion crops. L\\u00e6s mere om, hvilken definition Agroganic arbejder med\\u00a0<\\\/span><a href=\\\"https:\\\/\\\/agroganic.com\\\/da\\\/principper-for-regenerativt-landbrug\\\/\\\">HER<\\\/a><span>.<\\\/span><\\\/p>\",\"title\":\"HVAD ER DEFINITIONEN P\\u00c5 REGENERATIVT LANDBRUG?\"}},{\"type\":\"accordion_item\",\"props\":{\"content\":\"\n\n<p><span>Nej, pl\\u00f8jning kan ikke betragtes som en regenerativ praksis. Regenerativt landbrug sigter mod at forbedre jordens sundhed ved at lade naturlige processer tage over, og n\\u00f8glen til at f\\u00e5 dette til at ske er at minimere jordforstyrrelse. Pl\\u00f8jning \\u00f8del\\u00e6gger jordstrukturen, frigiver CO2 fra jorden og mindsker jordens biodiversitet. Hvis pl\\u00f8jning udf\\u00f8res p\\u00e5 noget tidspunkt efter konvertering til regenerativt landbrug, nulstilles systemet, og mange af fordelene, s\\u00e5som jordstrukturen og den CO2, der er lagret i jorden, g\\u00e5r tabt. L\\u00e6s mere om direkte s\\u00e5ning\\u00a0<\\\/span><a href=\\\"https:\\\/\\\/agroganic.com\\\/the-principles-of-direct-drilling\\\/\\\">HER<\\\/a><span>.<\\\/span><\\\/p>\",\"title\":\"M\\u00c5 MAN PL\\u00d8JE I REGENERATIVT LANDBRUG?\"}},{\"type\":\"accordion_item\",\"props\":{\"content\":\"\n\n<p><span>Mens nogle sm\\u00e5skala landbrug kan dyrke uden pesticider, er de fleste storskala regenerative landbrug afh\\u00e6ngige af en form for kemisk input for at opretholde udbyttet. Hos Agroganic mener vi, at de skadelige virkninger af insekticider p\\u00e5 biodiversiteten overstiger fordelene og vi frar\\u00e5der derfor enhver brug af disse. Vi erkender dog, at en vis m\\u00e6ngde fungicider og herbicider er n\\u00f8dvendige, is\\u00e6r i overgangsfasen, indtil de naturlige processer bliver st\\u00e6rke nok til at tage over. L\\u00e6s mere om, hvorfor roundup bruges i regenerativt landbrug\\u00a0<\\\/span><a href=\\\"https:\\\/\\\/agroganic.com\\\/why-does-regenerative-agriculture-support-the-use-of-glyphosate\\\/\\\">HER<\\\/a><span>.<\\\/span><\\\/p>\",\"title\":\"M\\u00c5 MAN SPR\\u00d8JTE I REGENERATIVT LANDBRUG?\"}},{\"type\":\"accordion_item\",\"props\":{\"content\":\"\n\n<p><span>Du kan blive en regenerativ landmand, uanset om du startede som en konventionel eller \\u00f8kologisk landmand. Normalt er storskala regenerative marker ikke \\u00f8kologiske p\\u00e5 grund af brugen af en vis m\\u00e6ngde syntetisk input. \\u00d8kologiske landm\\u00e6nd er normalt ikke regenerative, fordi de er afh\\u00e6ngige af jordforstyrrelse for at bek\\u00e6mpe ukrudt.<\\\/span><\\\/p>\",\"title\":\"ER REGENERATIVT LANDBRUG \\u00d8KOLOGISK?\"}}]}]}]}]}],\"version\":\"4.3.6\"} --><\/p>\n","protected":false},"excerpt":{"rendered":"<p>REGENERATIVT LANDBRUG VI FACILITERER V\u00c6RDIK\u00c6DEN FOR ET NYT OG REGENERATIVT F\u00d8DEVARESYSTEM For landbrugere For virksomheder For at opn\u00e5 de mange fordele ved regenerativt landbrug, skal vi \u00e6ndre tanke og handling igennem hele v\u00e6rdik\u00e6den Vi er regenerative konsulenter med 20 \u00e5rs erfaring indenfor regenerative landbrugsmetoder. I de seneste \u00e5r r\u00e5dgiver vi nu ogs\u00e5 f\u00f8devarevirksomheder og andre [&hellip;]<\/p>\n","protected":false},"author":1,"featured_media":0,"parent":0,"menu_order":3,"comment_status":"closed","ping_status":"closed","template":"","meta":{"_acf_changed":false,"footnotes":""},"class_list":["post-3024","page","type-page","status-publish","hentry"],"acf":[],"_links":{"self":[{"href":"https:\/\/agroganic.com\/da\/wp-json\/wp\/v2\/pages\/3024","targetHints":{"allow":["GET"]}}],"collection":[{"href":"https:\/\/agroganic.com\/da\/wp-json\/wp\/v2\/pages"}],"about":[{"href":"https:\/\/agroganic.com\/da\/wp-json\/wp\/v2\/types\/page"}],"author":[{"embeddable":true,"href":"https:\/\/agroganic.com\/da\/wp-json\/wp\/v2\/users\/1"}],"replies":[{"embeddable":true,"href":"https:\/\/agroganic.com\/da\/wp-json\/wp\/v2\/comments?post=3024"}],"version-history":[{"count":26,"href":"https:\/\/agroganic.com\/da\/wp-json\/wp\/v2\/pages\/3024\/revisions"}],"predecessor-version":[{"id":3898,"href":"https:\/\/agroganic.com\/da\/wp-json\/wp\/v2\/pages\/3024\/revisions\/3898"}],"wp:attachment":[{"href":"https:\/\/agroganic.com\/da\/wp-json\/wp\/v2\/media?parent=3024"}],"curies":[{"name":"wp","href":"https:\/\/api.w.org\/{rel}","templated":true}]}}