{"id":3027,"date":"2024-02-01T10:55:43","date_gmt":"2024-02-01T09:55:43","guid":{"rendered":"https:\/\/agroganic.com\/podcast-og-webinar\/"},"modified":"2024-02-01T10:55:43","modified_gmt":"2024-02-01T09:55:43","slug":"podcast-og-webinar","status":"publish","type":"page","link":"https:\/\/agroganic.com\/da\/podcast-og-webinar\/","title":{"rendered":"Podcast og webinar"},"content":{"rendered":"<h1>Podcasts om regenerativt landbrug<\/h1>\n<hr>\n<ul>\n<li>\n<p>        <img decoding=\"async\" src=\"\/wp-content\/uploads\/IMG_9920-scaled-e1688383451420.jpg\" alt=\"\"><\/p>\n<h3>Vinter OSR Management og v\u00e6kstregulator<\/h3>\n<div>\n<p><span>Vores agronomer Hans Henrik og Frederik deler deres tanker om <\/span><yt-formatted-string force-default-style=\"\" class=\"style-scope ytd-watch-metadata\">vinterOSR-management og v\u00e6kstregulering.<\/yt-formatted-string><\/p>\n<\/div>\n<p><a href=\"\/wp-content\/uploads\/winterOSR_Managment_and_growth_regulatorDONE.mp3\">Lyt her<\/a><\/p>\n<\/li>\n<li>\n<p>        <img decoding=\"async\" src=\"\/wp-content\/uploads\/3.jpg\" alt=\"\"><\/p>\n<h3>Anmeldelse af Agritechnica 2023<\/h3>\n<div>\n<p>Hans Henrik og Frederik diskuterer den pl\u00f8jefri maskine, der blev pr\u00e6senteret p\u00e5 dette \u00e5rs Agritechnica.  <\/p>\n<\/div>\n<p><a href=\"https:\/\/agroganic.com\/wp-content\/uploads\/paa-engelsk-HHF-og-FVL.mp4\">Lyt her<\/a><\/p>\n<\/li>\n<\/ul>\n<h1>Webinarer<\/h1>\n<hr>\n<div>\n<p>    <img decoding=\"async\" src=\"\/wp-content\/uploads\/thumbnail-1.png\" alt=\"\"><\/p>\n<h3>S\u00e5dan opbygger du jordens modstandsdygtighed<\/h3>\n<div>\n<p><span>Se vores planteavlskonsulenter Kristian Thomsen og Frederik Larsen pr\u00e6sentere, hvordan landm\u00e6nd kan g\u00f8re deres jord mere modstandsdygtig over for klimaforandringer ved at opbygge organisk kulstof i jorden.<\/span><\/p>\n<\/div>\n<p><a href=\"\/wp-content\/uploads\/Building-climate-resilient-soil.mp4\">Se med her<\/a><\/p>\n<\/div>\n<p><!--more--><br \/>\n<!-- {\"type\":\"layout\",\"children\":[{\"type\":\"section\",\"props\":{\"image_position\":\"center-center\",\"style\":\"default\",\"title_breakpoint\":\"xl\",\"title_position\":\"top-left\",\"title_rotation\":\"left\",\"vertical_align\":\"middle\",\"width\":\"default\"},\"children\":[{\"type\":\"row\",\"children\":[{\"type\":\"column\",\"props\":{\"image_position\":\"center-center\",\"position_sticky_breakpoint\":\"m\"},\"children\":[{\"type\":\"headline\",\"props\":{\"content\":\"Regenerative farming podcasts\",\"title_element\":\"h1\"}},{\"type\":\"divider\",\"props\":{\"divider_element\":\"hr\"}},{\"type\":\"grid\",\"props\":{\"content_column_breakpoint\":\"m\",\"filter_align\":\"left\",\"filter_all\":true,\"filter_grid_breakpoint\":\"m\",\"filter_grid_width\":\"auto\",\"filter_position\":\"top\",\"filter_style\":\"tab\",\"grid_default\":\"1\",\"grid_medium\":\"3\",\"icon_width\":80,\"image_align\":\"top\",\"image_grid_breakpoint\":\"m\",\"image_grid_width\":\"1-2\",\"image_svg_color\":\"emphasis\",\"item_animation\":true,\"link_style\":\"default\",\"link_text\":\"Read more\",\"margin\":\"default\",\"meta_align\":\"below-title\",\"meta_element\":\"div\",\"meta_style\":\"text-meta\",\"show_content\":true,\"show_image\":true,\"show_link\":true,\"show_meta\":true,\"show_title\":true,\"title_align\":\"top\",\"title_element\":\"h3\",\"title_grid_breakpoint\":\"m\",\"title_grid_width\":\"1-2\",\"title_hover_style\":\"reset\"},\"children\":[{\"type\":\"grid_item\",\"props\":{\"content\":\"\n\n<p><span>Our agronomists Hans Henrik and Frederik share their thoughts on <\\\/span><yt-formatted-string force-default-style=\\\"\\\" class=\\\"style-scope ytd-watch-metadata\\\">winterOSR managment and growth regulator.<\\\/yt-formatted-string><\\\/p>\",\"image\":\"wp-content\\\/uploads\\\/IMG_9920-scaled-e1688383451420.jpg\",\"link\":\"wp-content\\\/uploads\\\/winterOSR_Managment_and_growth_regulatorDONE.mp3\",\"link_text\":\"Listen here\",\"title\":\"Winter OSR Management and growth regulator\"}},{\"type\":\"grid_item\",\"props\":{\"content\":\"\n\n<p>Hans Henrik and Frederik discuss the no-till machinary presented at this years Agritechnica.\\u00a0<\\\/p>\",\"image\":\"wp-content\\\/uploads\\\/3.jpg\",\"link\":\"https:\\\/\\\/agroganic.com\\\/wp-content\\\/uploads\\\/paa-engelsk-HHF-og-FVL.mp4\",\"link_text\":\"Listen here\",\"title\":\"Agritechnica 2023 review\"}}]}]}]}]},{\"type\":\"section\",\"props\":{\"image_position\":\"center-center\",\"style\":\"default\",\"title_breakpoint\":\"xl\",\"title_position\":\"top-left\",\"title_rotation\":\"left\",\"vertical_align\":\"middle\",\"width\":\"default\"},\"children\":[{\"type\":\"row\",\"children\":[{\"type\":\"column\",\"props\":{\"image_position\":\"center-center\",\"position_sticky_breakpoint\":\"m\"},\"children\":[{\"type\":\"headline\",\"props\":{\"content\":\"Webinars\",\"title_element\":\"h1\"}},{\"type\":\"divider\",\"props\":{\"divider_element\":\"hr\"}},{\"type\":\"grid\",\"props\":{\"content_column_breakpoint\":\"m\",\"filter_align\":\"left\",\"filter_all\":true,\"filter_grid_breakpoint\":\"m\",\"filter_grid_width\":\"auto\",\"filter_position\":\"top\",\"filter_style\":\"tab\",\"grid_default\":\"1\",\"grid_medium\":\"3\",\"icon_width\":80,\"image_align\":\"top\",\"image_grid_breakpoint\":\"m\",\"image_grid_width\":\"1-2\",\"image_svg_color\":\"emphasis\",\"item_animation\":true,\"link_style\":\"default\",\"link_text\":\"Read more\",\"margin\":\"default\",\"meta_align\":\"below-title\",\"meta_element\":\"div\",\"meta_style\":\"text-meta\",\"show_content\":true,\"show_image\":true,\"show_link\":true,\"show_meta\":true,\"show_title\":true,\"title_align\":\"top\",\"title_element\":\"h3\",\"title_grid_breakpoint\":\"m\",\"title_grid_width\":\"1-2\",\"title_hover_style\":\"reset\"},\"children\":[{\"type\":\"grid_item\",\"props\":{\"content\":\"\n\n<p><span>Watch our crop consultants Kristian Thomsen and Frederik Larsen present the ways in which farmers can increase the climate change resilience of their soil by building soil organic carbon.<\\\/span><\\\/p>\",\"image\":\"wp-content\\\/uploads\\\/thumbnail-1.png\",\"link\":\"wp-content\\\/uploads\\\/Building-climate-resilient-soil.mp4\",\"link_text\":\"Watch here\",\"title\":\"How to build soil resilience\"}}]}]}]}]},{\"type\":\"section\",\"props\":{\"image_position\":\"center-center\",\"style\":\"default\",\"title_breakpoint\":\"xl\",\"title_position\":\"top-left\",\"title_rotation\":\"left\",\"vertical_align\":\"middle\",\"width\":\"default\"},\"children\":[{\"type\":\"row\",\"children\":[{\"type\":\"column\",\"props\":{\"image_position\":\"center-center\",\"position_sticky_breakpoint\":\"m\"}}]}]}],\"version\":\"4.2.11\"} --><\/p>\n","protected":false},"excerpt":{"rendered":"<p>Podcasts om regenerativt landbrug Vinter OSR Management og v\u00e6kstregulator Vores agronomer Hans Henrik og Frederik deler deres tanker om vinterOSR-management og v\u00e6kstregulering. Lyt her Anmeldelse af Agritechnica 2023 Hans Henrik og Frederik diskuterer den pl\u00f8jefri maskine, der blev pr\u00e6senteret p\u00e5 dette \u00e5rs Agritechnica. Lyt her Webinarer S\u00e5dan opbygger du jordens modstandsdygtighed Se vores planteavlskonsulenter Kristian [&hellip;]<\/p>\n","protected":false},"author":233,"featured_media":0,"parent":0,"menu_order":0,"comment_status":"closed","ping_status":"closed","template":"","meta":{"_acf_changed":false,"footnotes":""},"class_list":["post-3027","page","type-page","status-publish","hentry"],"acf":[],"_links":{"self":[{"href":"https:\/\/agroganic.com\/da\/wp-json\/wp\/v2\/pages\/3027","targetHints":{"allow":["GET"]}}],"collection":[{"href":"https:\/\/agroganic.com\/da\/wp-json\/wp\/v2\/pages"}],"about":[{"href":"https:\/\/agroganic.com\/da\/wp-json\/wp\/v2\/types\/page"}],"author":[{"embeddable":true,"href":"https:\/\/agroganic.com\/da\/wp-json\/wp\/v2\/users\/233"}],"replies":[{"embeddable":true,"href":"https:\/\/agroganic.com\/da\/wp-json\/wp\/v2\/comments?post=3027"}],"version-history":[{"count":0,"href":"https:\/\/agroganic.com\/da\/wp-json\/wp\/v2\/pages\/3027\/revisions"}],"wp:attachment":[{"href":"https:\/\/agroganic.com\/da\/wp-json\/wp\/v2\/media?parent=3027"}],"curies":[{"name":"wp","href":"https:\/\/api.w.org\/{rel}","templated":true}]}}