{"id":3031,"date":"2024-02-01T10:56:51","date_gmt":"2024-02-01T09:56:51","guid":{"rendered":"https:\/\/agroganic.com\/for-landmaend\/"},"modified":"2024-07-18T14:36:42","modified_gmt":"2024-07-18T13:36:42","slug":"for-landbrugere","status":"publish","type":"page","link":"https:\/\/agroganic.com\/da\/for-landbrugere\/","title":{"rendered":"For landm\u00e6nd"},"content":{"rendered":"<h1>\n<p><strong>Regenerativ dyrkning er ikke bare en trend &#8211; det er fremtidens landbrug<\/strong><\/p>\n<\/h1>\n<div>\n<p>Behovet for landbrug der er modstandsdygtige, h\u00f8jtydende og milj\u00f8m\u00e6ssigt forsvarlige er st\u00f8rre end nogensinde. Hvis vi vil blive ved med at dyrke sunde afgr\u00f8der, der er \u00f8konomisk rentable, er vi n\u00f8dt til at benytte regenerative dyrkningsmetoder. Det er den bedste mulighed, vi har, for at mindske negative effekter p\u00e5 milj\u00f8- og biodiversitetskrisen og for at tilpasse os de kommende klimaforandringer.<\/p>\n<\/div>\n<hr>\n<h1>\n<h2>BLIV EN DEL AF VORES REGENERATIVE NETV\u00c6RK<\/h2>\n<\/h1>\n<div>\n<p><span>Du kan tilmelde dig vores database over regenerative landm\u00e6nd og blive en del af et netv\u00e6rk af regenerative landbrugere og virksomheder. P\u00e5 den m\u00e5de kan vi hj\u00e6lpe dig med at afs\u00e6tte dine regenerative afgr\u00f8der!\u00a0<\/span><a href=\"https:\/\/agroganic.com\/da\/bliv-en-del-af-vores-regenerative-netvaerk\/\">L\u00e6s mere om netv\u00e6rket og tilmeld dig HER.<\/a><\/p>\n<\/div>\n<div>\n<p>        <img decoding=\"async\" src=\"\/wp-content\/uploads\/iconer-agroganic_Tegnebraet-1-01.png\" alt=\"\"><\/p>\n<div>\n<h3 style=\"text-align: center;\">NETWORKNING<\/h3>\n<\/div>\n<\/div>\n<div>\n<div>\n<h2 style=\"text-align: center;\">L\u00c6S MERE OG TILMELD DIG HER<\/h2>\n<\/div>\n<p><a href=\"\/da\/regenerativ-database\/\"><\/a><\/p>\n<\/div>\n<div>\n<p>        <img decoding=\"async\" src=\"\/wp-content\/uploads\/iconer-agroganic_Tegnebraet-1-02.png\" alt=\"\"><\/p>\n<div>\n<h3 style=\"text-align: center;\">DISTRIBUTION<\/h3>\n<\/div>\n<\/div>\n<h2>\n<p><b>Regenerativ planteavlsr\u00e5dgivning<\/b><\/p>\n<\/h2>\n<div>\n<p>Arbejder du allerede med regenerative dyrkningsmetoder eller \u00f8nsker du at komme i gang? Agroganics planteavlsr\u00e5dgivere er eksperter p\u00e5 omr\u00e5det! Vi er et ungt, dynamisk team der br\u00e6nder for at r\u00e5dgive landm\u00e6nd i regenerative dyrkningsmetoder, lige meget om du kun er begyndt at overveje at oml\u00e6gge, eller om du har dyrket efter regenerative metoder i mange \u00e5r.<\/p>\n<p>Vi er din sparringspartner, der kan hj\u00e6lpe dig med at f\u00f8re dine regenerative ambitioner ud i livet.<\/p>\n<\/div>\n<p><img decoding=\"async\" src=\"\/wp-content\/uploads\/Design-uden-navn-6.png\" alt=\"\"><br \/>\n<img decoding=\"async\" src=\"\/wp-content\/uploads\/Design-uden-navn-7.png\" alt=\"\"><\/p>\n<h2>\n<h3><b>Det vi tilbyder:<\/b><\/h3>\n<\/h2>\n<div>\n<ul>\n<li style=\"font-weight: 400;\" aria-level=\"1\"><span style=\"font-weight: 400;\">R\u00e5dgivning i hvordan du kommer i gang med at oml\u00e6gge til regenerativt landbrug skr\u00e6ddersyet til din bedrift<\/span><\/li>\n<li style=\"font-weight: 400;\" aria-level=\"1\"><span style=\"font-weight: 400;\">Regenerativ planteavlsr\u00e5dgivning<\/span><\/li>\n<li style=\"font-weight: 400;\" aria-level=\"1\"><span style=\"font-weight: 400;\">Jordpr\u00f8ver og -analyser<\/span><\/li>\n<li style=\"font-weight: 400;\" aria-level=\"1\"><span style=\"font-weight: 400;\">Hj\u00e6lp til implementering af og arbejde med pr\u00e6cisions landbrug (software, setup, graduering, droneflyvning m.m.)<\/span><\/li>\n<li style=\"font-weight: 400;\" aria-level=\"1\"><span style=\"font-weight: 400;\">Hj\u00e6lp med ESG (Environmental, Social and Governance) rapportering<\/span><\/li>\n<li style=\"font-weight: 400;\" aria-level=\"1\"><span style=\"font-weight: 400;\">R\u00e5dgivning om skadedyrsh\u00e5ndtering og IPM (Integrated Pest Management)<\/span><\/li>\n<\/ul>\n<\/div>\n<hr>\n<div>\n<h3>FORDELENE VED REGENERATIV DYRKNING<\/h3>\n<div>\n<p>Regenerativ dyrkning gendanner jordens egne gavnlige egenskaber, forbedrer afgr\u00f8dernes modstandsdygtighed over for klimaforandringer og er bedre for biodiversiteten &#8211; uden at du skal g\u00e5 p\u00e5 kompromis med udbyttet.\u00a0<\/p>\n<\/div>\n<p><a href=\"https:\/\/agroganic.com\/da\/principper-for-regenerativt-landbrug\/\">l\u00e6s mere<\/a><\/p>\n<\/div>\n<div>\n<p><span class=\"uk-text-primary\">Ring til os p\u00e5: +45 20 10 00 96<\/span><\/p>\n<\/div>\n<div>\n<p>Eller skriv os en mail p\u00e5: contact@agroganic.com<\/p>\n<\/div>\n<p><!--more--><br \/>\n<!-- {\"type\":\"layout\",\"children\":[{\"name\":\"Get started\",\"type\":\"section\",\"props\":{\"animation\":\"slide-top\",\"height\":\"viewport\",\"image\":\"wp-content\\\/uploads\\\/services-section.jpg\",\"image_position\":\"center-center\",\"image_size\":\"cover\",\"image_width\":\"2560\",\"padding\":\"large\",\"style\":\"default\",\"title_breakpoint\":\"xl\",\"title_position\":\"top-left\",\"title_rotation\":\"left\",\"vertical_align\":\"middle\",\"width\":\"large\"},\"children\":[{\"type\":\"row\",\"props\":{\"column_gap\":\"collapse\",\"row_gap\":\"collapse\"},\"children\":[{\"type\":\"column\",\"props\":{\"image_position\":\"center-center\",\"position_sticky_breakpoint\":\"m\"},\"children\":[{\"type\":\"headline\",\"props\":{\"animation\":\"slide-right-medium\",\"content\":\"\n\n<p><strong>Regenerativ dyrkning er ikke bare en trend - det er fremtidens landbrug<\\\/strong><\\\/p>\",\"text_align\":\"center\",\"title_element\":\"h1\",\"title_style\":\"heading-medium\"}}]}]},{\"type\":\"row\",\"children\":[{\"type\":\"column\",\"props\":{\"image_position\":\"center-center\",\"position_sticky_breakpoint\":\"m\"},\"children\":[{\"type\":\"text\",\"props\":{\"block_align\":\"center\",\"column_breakpoint\":\"m\",\"content\":\"\n\n<p>Behovet for landbrug der er modstandsdygtige, h\\u00f8jtydende og milj\\u00f8m\\u00e6ssigt forsvarlige er st\\u00f8rre end nogensinde. Hvis vi vil blive ved med at dyrke sunde afgr\\u00f8der, der er \\u00f8konomisk rentable, er vi n\\u00f8dt til at benytte regenerative dyrkningsmetoder. Det er den bedste mulighed, vi har, for at mindske negative effekter p\\u00e5 milj\\u00f8- og biodiversitetskrisen og for at tilpasse os de kommende klimaforandringer.<\\\/p>\",\"margin\":\"medium\",\"maxwidth\":\"2xlarge\",\"text_align\":\"center\"}},{\"type\":\"divider\",\"props\":{\"divider_element\":\"hr\",\"divider_style\":\"vertical\"}}]}]}]},{\"type\":\"section\",\"props\":{\"image_position\":\"center-center\",\"style\":\"default\",\"title_breakpoint\":\"xl\",\"title_position\":\"top-left\",\"title_rotation\":\"left\",\"vertical_align\":\"middle\",\"width\":\"default\"},\"children\":[{\"type\":\"row\",\"children\":[{\"type\":\"column\",\"props\":{\"image_position\":\"center-center\",\"position_sticky_breakpoint\":\"m\"},\"children\":[{\"type\":\"headline\",\"props\":{\"content\":\"\n\n<h2>BLIV EN DEL AF VORES REGENERATIVE NETV\\u00c6RK<\\\/h2>\",\"title_element\":\"h1\"}},{\"type\":\"text\",\"props\":{\"column_breakpoint\":\"m\",\"content\":\"\n\n<p><span>Du kan tilmelde dig vores database over regenerative landm\\u00e6nd og blive en del af et netv\\u00e6rk af regenerative landbrugere og virksomheder. P\\u00e5 den m\\u00e5de kan vi hj\\u00e6lpe dig med at afs\\u00e6tte dine regenerative afgr\\u00f8der!\\u00a0<\\\/span><a href=\\\"https:\\\/\\\/agroganic.com\\\/da\\\/bliv-en-del-af-vores-regenerative-netvaerk\\\/\\\">L\\u00e6s mere om netv\\u00e6rket og tilmeld dig HER.<\\\/a><\\\/p>\",\"margin\":\"default\"}},{\"type\":\"fragment\",\"props\":{\"margin\":\"default\"},\"children\":[{\"type\":\"row\",\"props\":{\"layout\":\"1-3,1-3,1-3\"},\"children\":[{\"type\":\"column\",\"props\":{\"image_position\":\"center-center\",\"position_sticky_breakpoint\":\"m\",\"style\":\"card-primary\",\"width_medium\":\"1-3\"},\"children\":[{\"type\":\"panel\",\"props\":{\"content\":\"\n\n<h3 style=\\\"text-align: center;\\\">NETWORKNING<\\\/h3>\",\"content_column_breakpoint\":\"m\",\"content_margin\":\"medium\",\"icon_width\":80,\"image\":\"wp-content\\\/uploads\\\/iconer-agroganic_Tegnebraet-1-01.png\",\"image_align\":\"top\",\"image_grid_breakpoint\":\"m\",\"image_grid_width\":\"1-2\",\"image_height\":500,\"image_svg_color\":\"emphasis\",\"image_width\":500,\"link_style\":\"default\",\"link_text\":\"Read more\",\"margin\":\"default\",\"meta_align\":\"below-title\",\"meta_element\":\"div\",\"meta_style\":\"text-meta\",\"title\":\"\",\"title_align\":\"top\",\"title_element\":\"h3\",\"title_grid_breakpoint\":\"m\",\"title_grid_width\":\"1-2\",\"title_hover_style\":\"reset\"}}]},{\"type\":\"column\",\"props\":{\"image_position\":\"center-center\",\"position_sticky\":\"column\",\"position_sticky_breakpoint\":\"m\",\"style\":\"card-primary\",\"vertical_align\":\"middle\",\"width_medium\":\"1-3\"},\"children\":[{\"type\":\"panel\",\"props\":{\"content\":\"\n\n<h2 style=\\\"text-align: center;\\\">L\\u00c6S MERE OG TILMELD DIG HER<\\\/h2>\",\"content_align\":false,\"content_column_breakpoint\":\"m\",\"content_margin\":\"large\",\"content_style\":\"h3\",\"height_expand\":true,\"icon_width\":80,\"image_align\":\"top\",\"image_grid_breakpoint\":\"m\",\"image_grid_width\":\"1-2\",\"image_svg_color\":\"emphasis\",\"link\":\"da\\\/regenerativ-database\\\/\",\"link_style\":\"default\",\"link_text\":\"\",\"margin\":\"default\",\"meta_align\":\"below-title\",\"meta_element\":\"div\",\"meta_style\":\"text-meta\",\"panel_link\":true,\"panel_padding\":\"default\",\"panel_style\":\"card-primary\",\"title_align\":\"top\",\"title_element\":\"h3\",\"title_grid_breakpoint\":\"m\",\"title_grid_width\":\"1-2\",\"title_hover_style\":\"reset\"}}]},{\"type\":\"column\",\"props\":{\"image_position\":\"center-center\",\"position_sticky_breakpoint\":\"m\",\"style\":\"card-primary\",\"width_medium\":\"1-3\"},\"children\":[{\"type\":\"panel\",\"props\":{\"content\":\"\n\n<h3 style=\\\"text-align: center;\\\">DISTRIBUTION<\\\/h3>\",\"content_column_breakpoint\":\"m\",\"content_margin\":\"medium\",\"icon_width\":80,\"image\":\"wp-content\\\/uploads\\\/iconer-agroganic_Tegnebraet-1-02.png\",\"image_align\":\"top\",\"image_grid_breakpoint\":\"m\",\"image_grid_width\":\"1-2\",\"image_height\":500,\"image_svg_color\":\"emphasis\",\"image_width\":500,\"link_style\":\"default\",\"link_text\":\"Read more\",\"margin\":\"default\",\"meta_align\":\"below-title\",\"meta_element\":\"div\",\"meta_style\":\"text-meta\",\"title\":\"\",\"title_align\":\"top\",\"title_element\":\"h3\",\"title_grid_breakpoint\":\"m\",\"title_grid_width\":\"1-2\",\"title_hover_style\":\"reset\"}}]}]}]},{\"type\":\"fragment\",\"props\":{\"animation\":\"none\",\"margin\":\"xlarge\"},\"children\":[{\"type\":\"row\",\"props\":{\"column_gap\":\"large\",\"divider\":false,\"layout\":\"1-2,1-2\",\"row_gap\":\"large\"},\"children\":[{\"type\":\"column\",\"props\":{\"image_position\":\"center-center\",\"position_sticky_breakpoint\":\"m\",\"vertical_align\":\"middle\",\"width_medium\":\"1-2\"},\"children\":[{\"type\":\"headline\",\"props\":{\"animation\":\"slide-left-medium\",\"block_align_breakpoint\":\"m\",\"block_align_fallback\":\"center\",\"content\":\"\n\n<p><b>Regenerativ planteavlsr\\u00e5dgivning<\\\/b><\\\/p>\",\"margin\":\"medium\",\"margin_remove_top\":true,\"maxwidth\":\"xlarge\",\"text_align\":\"left\",\"text_align_breakpoint\":\"m\",\"text_align_fallback\":\"center\",\"title_element\":\"h2\"}},{\"type\":\"text\",\"props\":{\"animation\":\"slide-left-medium\",\"block_align_breakpoint\":\"m\",\"block_align_fallback\":\"center\",\"column_breakpoint\":\"m\",\"content\":\"\n\n<p>Arbejder du allerede med regenerative dyrkningsmetoder eller \\u00f8nsker du at komme i gang? Agroganics planteavlsr\\u00e5dgivere er eksperter p\\u00e5 omr\\u00e5det! Vi er et ungt, dynamisk team der br\\u00e6nder for at r\\u00e5dgive landm\\u00e6nd i regenerative dyrkningsmetoder, lige meget om du kun er begyndt at overveje at oml\\u00e6gge, eller om du har dyrket efter regenerative metoder i mange \\u00e5r.<\\\/p>\\n\n\n<p>Vi er din sparringspartner, der kan hj\\u00e6lpe dig med at f\\u00f8re dine regenerative ambitioner ud i livet.<\\\/p>\",\"margin\":\"xlarge\",\"margin_remove_top\":true,\"maxwidth\":\"2xlarge\",\"maxwidth_breakpoint\":\"m\",\"text_align\":\"left\"}}]},{\"type\":\"column\",\"props\":{\"image_position\":\"center-center\",\"position_sticky_breakpoint\":\"m\",\"width_medium\":\"1-2\"},\"children\":[{\"type\":\"image\",\"props\":{\"animation\":\"slide-left-medium\",\"image\":\"wp-content\\\/uploads\\\/Design-uden-navn-6.png\",\"image_border\":\"rounded\",\"image_height\":550,\"image_loading\":true,\"image_svg_color\":\"emphasis\",\"image_width\":\"610\",\"margin\":\"xlarge\",\"margin_remove_top\":false,\"visibility\":\"m\"}}]}]},{\"type\":\"row\",\"props\":{\"layout\":\"1-2,1-2\",\"row_gap\":\"large\"},\"children\":[{\"type\":\"column\",\"props\":{\"image_position\":\"center-center\",\"position_sticky_breakpoint\":\"m\",\"width_medium\":\"1-2\"},\"children\":[{\"type\":\"image\",\"props\":{\"animation\":\"slide-right-medium\",\"image\":\"wp-content\\\/uploads\\\/Design-uden-navn-7.png\",\"image_border\":\"rounded\",\"image_height\":600,\"image_svg_color\":\"emphasis\",\"image_width\":\"760\",\"margin\":\"default\"}}]},{\"type\":\"column\",\"props\":{\"image_position\":\"center-center\",\"position_sticky_breakpoint\":\"m\",\"vertical_align\":\"middle\",\"width_medium\":\"1-2\"},\"children\":[{\"type\":\"headline\",\"props\":{\"animation\":\"slide-right-medium\",\"content\":\"\n\n<h3><b>Det vi tilbyder:<\\\/b><\\\/h3>\",\"margin_remove_bottom\":false,\"text_align\":\"left\",\"text_align_breakpoint\":\"m\",\"text_align_fallback\":\"center\",\"title_element\":\"h2\",\"title_style\":\"h4\"}},{\"type\":\"text\",\"props\":{\"animation\":\"slide-right-medium\",\"column_breakpoint\":\"m\",\"content\":\"\n\n<p><\\\/p>\\n\n\n<ul>\\n\n\n<li style=\\\"font-weight: 400;\\\" aria-level=\\\"1\\\"><span style=\\\"font-weight: 400;\\\">R\\u00e5dgivning i hvordan du kommer i gang med at oml\\u00e6gge til regenerativt landbrug skr\\u00e6ddersyet til din bedrift<\\\/span><\\\/li>\\n\n\n<li style=\\\"font-weight: 400;\\\" aria-level=\\\"1\\\"><span style=\\\"font-weight: 400;\\\">Regenerativ planteavlsr\\u00e5dgivning<\\\/span><\\\/li>\\n\n\n<li style=\\\"font-weight: 400;\\\" aria-level=\\\"1\\\"><span style=\\\"font-weight: 400;\\\">Jordpr\\u00f8ver og -analyser<\\\/span><\\\/li>\\n\n\n<li style=\\\"font-weight: 400;\\\" aria-level=\\\"1\\\"><span style=\\\"font-weight: 400;\\\">Hj\\u00e6lp til implementering af og arbejde med pr\\u00e6cisions landbrug (software, setup, graduering, droneflyvning m.m.)<\\\/span><\\\/li>\\n\n\n<li style=\\\"font-weight: 400;\\\" aria-level=\\\"1\\\"><span style=\\\"font-weight: 400;\\\">Hj\\u00e6lp med ESG (Environmental, Social and Governance) rapportering<\\\/span><\\\/li>\\n\n\n<li style=\\\"font-weight: 400;\\\" aria-level=\\\"1\\\"><span style=\\\"font-weight: 400;\\\">R\\u00e5dgivning om skadedyrsh\\u00e5ndtering og IPM (Integrated Pest Management)<\\\/span><\\\/li>\\n<\\\/ul>\",\"margin\":\"default\"}}]}]},{\"type\":\"row\",\"children\":[{\"type\":\"column\",\"props\":{\"image_position\":\"center-center\",\"position_sticky_breakpoint\":\"m\"},\"children\":[{\"type\":\"divider\",\"props\":{\"divider_align\":\"center\",\"divider_element\":\"hr\",\"divider_style\":\"icon\",\"margin\":\"xlarge\"}}]}]},{\"type\":\"row\",\"children\":[{\"type\":\"column\",\"props\":{\"image\":\"wp-content\\\/uploads\\\/20210502_103011-cripped-scaled.jpg\",\"image_position\":\"center-center\",\"position_sticky_breakpoint\":\"m\"},\"children\":[{\"type\":\"panel\",\"props\":{\"content\":\"\n\n<p>Regenerativ dyrkning gendanner jordens egne gavnlige egenskaber, forbedrer afgr\\u00f8dernes modstandsdygtighed over for klimaforandringer og er bedre for biodiversiteten - uden at du skal g\\u00e5 p\\u00e5 kompromis med udbyttet.\\u00a0<\\\/p>\",\"content_column_breakpoint\":\"m\",\"icon_width\":80,\"image_align\":\"top\",\"image_grid_breakpoint\":\"m\",\"image_grid_width\":\"1-2\",\"image_svg_color\":\"emphasis\",\"link\":\"https:\\\/\\\/agroganic.com\\\/da\\\/principper-for-regenerativt-landbrug\\\/\",\"link_style\":\"default\",\"link_text\":\"l\\u00e6s mere\",\"margin\":\"default\",\"maxwidth\":\"xlarge\",\"meta_align\":\"below-title\",\"meta_element\":\"div\",\"meta_style\":\"text-meta\",\"panel_padding\":\"default\",\"panel_style\":\"card-default\",\"title\":\"FORDELENE VED REGENERATIV DYRKNING\",\"title_align\":\"top\",\"title_element\":\"h3\",\"title_grid_breakpoint\":\"m\",\"title_grid_width\":\"1-2\",\"title_hover_style\":\"reset\"}}]}]},{\"type\":\"row\",\"props\":{\"column_gap\":\"large\",\"layout\":\"1-2,1-2\",\"margin\":\"xlarge\",\"row_gap\":\"large\",\"status\":\"disabled\",\"width\":\"default\"},\"children\":[{\"type\":\"column\",\"props\":{\"image_position\":\"center-center\",\"position_sticky_breakpoint\":\"m\",\"vertical_align\":\"middle\",\"width_small\":\"1-2\"},\"children\":[{\"type\":\"image\",\"props\":{\"animation\":\"parallax\",\"css\":\".el-image { \\n    min-width: 90px;\\n    max-width: 12vw;\\n}\",\"image\":\"wp-content\\\/uploads\\\/illustration-snail.svg\",\"image_svg_color\":\"emphasis\",\"image_width\":\"190\",\"margin\":\"default\",\"parallax_easing\":\"1\",\"parallax_y\":\"0,-4vh\",\"text_align\":\"center\"}},{\"type\":\"headline\",\"props\":{\"content\":\"Come Around for a Visit\",\"text_align\":\"left\",\"text_align_breakpoint\":\"s\",\"text_align_fallback\":\"center\",\"title_element\":\"h3\",\"title_style\":\"h4\"}},{\"type\":\"text\",\"props\":{\"column_breakpoint\":\"m\",\"content\":\"In dui consequat vitae magna posuere eget vesti tempor dui placerat feugiat eros pede varius nisi, viverra felis nunc deus vestibulum tempor auctor lorem malesuada auctor nullam corper placerat feugiat eros pede varius nisi viverra felis nunc purus fermentum tincidunt.\",\"margin\":\"medium\",\"margin_remove_top\":true,\"maxwidth\":\"xlarge\",\"text_align\":\"left\"}},{\"type\":\"headline\",\"props\":{\"content\":\"Do you want to discuss your order personally?\",\"margin_remove_top\":true,\"text_align\":\"left\",\"text_align_breakpoint\":\"s\",\"text_align_fallback\":\"center\",\"title_color\":\"muted\",\"title_element\":\"h4\",\"title_style\":\"h6\"}},{\"type\":\"text\",\"props\":{\"column_breakpoint\":\"m\",\"content\":\"In dui consequat vitae magna, posuere eget vestibulum ipsum  malesuada, tempor auctor. Pellentesque auctor neque nec urna sapien ipsum, porta qui.\",\"margin\":\"\",\"maxwidth\":\"large\",\"maxwidth_breakpoint\":\"s\",\"text_align\":\"left\",\"text_align_breakpoint\":\"s\",\"text_align_fallback\":\"center\"}},{\"type\":\"button\",\"props\":{\"button_size\":\"large\",\"grid_column_gap\":\"small\",\"grid_row_gap\":\"small\",\"margin\":\"medium\",\"text_align\":\"left\",\"text_align_breakpoint\":\"s\",\"text_align_fallback\":\"center\"},\"children\":[{\"type\":\"button_item\",\"props\":{\"button_style\":\"secondary\",\"content\":\"Get in Touch\",\"icon_align\":\"left\",\"link\":\"#\"}}]}]},{\"type\":\"column\",\"props\":{\"image_position\":\"center-center\",\"position_sticky_breakpoint\":\"m\",\"width_small\":\"1-2\"},\"children\":[{\"type\":\"image\",\"props\":{\"animation\":\"parallax\",\"css\":\".el-image { \\n    min-width: 140px;\\n    max-width: 20vw;\\n}\",\"image\":\"wp-content\\\/uploads\\\/illustration-umbrella.svg\",\"image_svg_color\":\"emphasis\",\"image_width\":\"300\",\"margin\":\"default\",\"parallax_easing\":\"1\",\"parallax_y\":\"10vh,0\",\"position\":\"absolute\",\"position_left\":\"4vh\",\"position_top\":\"5vh\",\"position_z_index\":\"1\",\"text_align\":\"right\"}},{\"type\":\"image\",\"props\":{\"image\":\"wp-content\\\/uploads\\\/our-story-workshop-04.jpg\",\"image_svg_color\":\"emphasis\",\"image_width\":\"610\",\"margin\":\"default\"}}]}]},{\"type\":\"row\",\"children\":[{\"type\":\"column\",\"props\":{\"image_position\":\"center-center\",\"position_sticky_breakpoint\":\"m\",\"width_medium\":\"1-1\"},\"children\":[{\"type\":\"headline\",\"props\":{\"block_align\":\"center\",\"content\":\"Our Values Underpin Our<br \/> Company Culture\",\"margin\":\"xlarge\",\"text_align\":\"center\",\"title_element\":\"h2\"}},{\"type\":\"grid\",\"props\":{\"content_column_breakpoint\":\"m\",\"filter_align\":\"left\",\"filter_all\":true,\"filter_grid_breakpoint\":\"m\",\"filter_grid_width\":\"auto\",\"filter_position\":\"top\",\"filter_style\":\"tab\",\"grid_column_gap\":\"large\",\"grid_default\":\"1\",\"grid_medium\":\"4\",\"grid_row_gap\":\"large\",\"grid_small\":\"2\",\"icon_width\":80,\"image_align\":\"top\",\"image_grid_breakpoint\":\"m\",\"image_grid_width\":\"1-2\",\"image_svg_color\":\"emphasis\",\"item_animation\":true,\"item_maxwidth\":\"medium\",\"link_style\":\"default\",\"link_text\":\"Read more\",\"margin\":\"\",\"meta_align\":\"below-title\",\"meta_element\":\"div\",\"meta_style\":\"text-meta\",\"parallax_easing\":\"1\",\"show_content\":true,\"show_image\":true,\"show_link\":true,\"show_meta\":true,\"show_title\":true,\"text_align\":\"center\",\"title_align\":\"top\",\"title_color\":\"muted\",\"title_element\":\"h3\",\"title_grid_breakpoint\":\"m\",\"title_grid_width\":\"1-2\",\"title_hover_style\":\"reset\",\"title_style\":\"h5\"},\"children\":[{\"type\":\"grid_item\",\"props\":{\"content\":\"Consequat vitae magna, eget tempor auctor neque nec urna.\",\"image\":\"wp-content\\\/uploads\\\/illustration-bear-head.svg\",\"title\":\"Respect & Fairness\"}},{\"type\":\"grid_item\",\"props\":{\"content\":\"Maecenas ullamcorper, dui et placerat feugiat, eros pede.\",\"image\":\"wp-content\\\/uploads\\\/illustration-tulip.svg\",\"title\":\"Sustainability\"}},{\"type\":\"grid_item\",\"props\":{\"content\":\"Sed magna purus, fermentum eu, tincidunt eu, varius ut, felis.\",\"image\":\"wp-content\\\/uploads\\\/illustration-lightbulb.svg\",\"title\":\"Growth & Creativity\"}},{\"type\":\"grid_item\",\"props\":{\"content\":\"Pellentesque habitant morbi tristique senectus netus fames.\",\"image\":\"wp-content\\\/uploads\\\/illustration-heart.svg\",\"title\":\"Love & Kindness\"}}]}]}],\"props\":{\"status\":\"disabled\"}},{\"type\":\"row\",\"props\":{\"layout\":\"1-2,1-2\",\"status\":\"disabled\"},\"children\":[{\"type\":\"column\",\"props\":{\"image_position\":\"center-center\",\"position_sticky_breakpoint\":\"m\",\"width_medium\":\"1-2\"},\"children\":[{\"type\":\"headline\",\"props\":{\"animation\":\"parallax\",\"content\":\"Want to Know More?\",\"parallax_easing\":\"1\",\"text_align\":\"left\",\"text_align_fallback\":\"center\",\"title_element\":\"h2\"}},{\"type\":\"text\",\"props\":{\"column_breakpoint\":\"m\",\"content\":\"Lorem ipsum dolor sit amet, consectetur adipiscing elit, sed do eiusmod tempor incididunt ut labore et dolore magna aliqua. Ut enim ad minim veniam, quis nostrud exercitation ullamco.\",\"margin\":\"medium\",\"margin_remove_top\":true,\"maxwidth\":\"large\",\"text_align\":\"left\"}},{\"type\":\"button\",\"props\":{\"button_size\":\"large\",\"grid_column_gap\":\"small\",\"grid_row_gap\":\"small\",\"margin\":\"default\",\"text_align\":\"left\"},\"children\":[{\"type\":\"button_item\",\"props\":{\"button_style\":\"primary\",\"content\":\"Our Journal\",\"icon_align\":\"left\",\"link\":\"#\"}}]}]},{\"type\":\"column\",\"props\":{\"image_position\":\"center-center\",\"position_sticky_breakpoint\":\"m\",\"width_medium\":\"1-2\"}}]}]}]}]}]},{\"name\":\"Contact 2\",\"type\":\"section\",\"props\":{\"animation\":\"slide-bottom-medium\",\"animation_delay\":\"200\",\"image_position\":\"center-center\",\"image_size\":\"cover\",\"padding\":\"large\",\"style\":\"muted\",\"title_breakpoint\":\"xl\",\"title_position\":\"top-left\",\"title_rotation\":\"left\",\"vertical_align\":\"middle\",\"width\":\"large\"},\"children\":[{\"type\":\"row\",\"props\":{\"divider\":true},\"children\":[{\"type\":\"column\",\"props\":{\"image_position\":\"center-center\",\"position_sticky_breakpoint\":\"m\"},\"children\":[{\"type\":\"text\",\"props\":{\"column_breakpoint\":\"m\",\"content\":\"\n\n<p><span class=\\\"uk-text-primary\\\">Ring til os p\\u00e5: +45 20 10 00 96<\\\/span><\\\/p>\",\"margin\":\"default\",\"text_align\":\"center\",\"text_style\":\"large\"}},{\"type\":\"text\",\"props\":{\"column_breakpoint\":\"m\",\"content\":\"\n\n<p>Eller skriv os en mail p\\u00e5: contact@agroganic.com<\\\/p>\",\"margin\":\"default\",\"text_align\":\"center\"}}]}]}]}],\"version\":\"4.3.6\"} --><\/p>\n","protected":false},"excerpt":{"rendered":"<p>Regenerativ dyrkning er ikke bare en trend &#8211; det er fremtidens landbrug Behovet for landbrug der er modstandsdygtige, h\u00f8jtydende og milj\u00f8m\u00e6ssigt forsvarlige er st\u00f8rre end nogensinde. Hvis vi vil blive ved med at dyrke sunde afgr\u00f8der, der er \u00f8konomisk rentable, er vi n\u00f8dt til at benytte regenerative dyrkningsmetoder. Det er den bedste mulighed, vi har, [&hellip;]<\/p>\n","protected":false},"author":1,"featured_media":2545,"parent":0,"menu_order":0,"comment_status":"closed","ping_status":"closed","template":"","meta":{"_acf_changed":false,"footnotes":""},"class_list":["post-3031","page","type-page","status-publish","has-post-thumbnail","hentry"],"acf":[],"_links":{"self":[{"href":"https:\/\/agroganic.com\/da\/wp-json\/wp\/v2\/pages\/3031","targetHints":{"allow":["GET"]}}],"collection":[{"href":"https:\/\/agroganic.com\/da\/wp-json\/wp\/v2\/pages"}],"about":[{"href":"https:\/\/agroganic.com\/da\/wp-json\/wp\/v2\/types\/page"}],"author":[{"embeddable":true,"href":"https:\/\/agroganic.com\/da\/wp-json\/wp\/v2\/users\/1"}],"replies":[{"embeddable":true,"href":"https:\/\/agroganic.com\/da\/wp-json\/wp\/v2\/comments?post=3031"}],"version-history":[{"count":34,"href":"https:\/\/agroganic.com\/da\/wp-json\/wp\/v2\/pages\/3031\/revisions"}],"predecessor-version":[{"id":3918,"href":"https:\/\/agroganic.com\/da\/wp-json\/wp\/v2\/pages\/3031\/revisions\/3918"}],"wp:featuredmedia":[{"embeddable":true,"href":"https:\/\/agroganic.com\/da\/wp-json\/wp\/v2\/media\/2545"}],"wp:attachment":[{"href":"https:\/\/agroganic.com\/da\/wp-json\/wp\/v2\/media?parent=3031"}],"curies":[{"name":"wp","href":"https:\/\/api.w.org\/{rel}","templated":true}]}}