{"id":3032,"date":"2024-02-01T10:57:14","date_gmt":"2024-02-01T09:57:14","guid":{"rendered":"https:\/\/agroganic.com\/for-virksomheder\/"},"modified":"2024-07-18T14:37:45","modified_gmt":"2024-07-18T13:37:45","slug":"for-virksomheder","status":"publish","type":"page","link":"https:\/\/agroganic.com\/da\/for-virksomheder\/","title":{"rendered":"For virksomheder"},"content":{"rendered":"<h1><strong>Regenerativt landbrug er ikke kun en trend \u2013 det er fremtidens landbrug<\/strong><\/h1>\n<div>\n<p style=\"text-align: center;\"><span>Behovet for effektive landbrugssystemer, der er robuste, h\u00f8jtydende og milj\u00f8m\u00e6ssigt ansvarlige, er st\u00f8rre end nogensinde. Hvis vi vil forts\u00e6tte med at drive landbrug i fremtiden, er vi n\u00f8dt til at begynde at bruge regenerative metoder, der b\u00e5de kan afb\u00f8de og tilpasse os de klima- og biodiversitetskriser, vi nu st\u00e5r over for.<\/span><\/p>\n<p style=\"text-align: center;\"><span>Derfor har vi i Agroganic fokus p\u00e5 regenerativ r\u00e5dgivning for virksomheder, s\u00e5 vi kan hj\u00e6lpe jer p\u00e5 vej i den regenerative retning.<\/span><\/p>\n<\/div>\n<hr>\n<h2>\n<p><strong>Regenerativ landbrugsr\u00e5dgivning for virksomheder<\/strong><\/p>\n<\/h2>\n<div>\n<p>Er din virksomhed klar til at tage skridtet til at blive regenerativ og v\u00e6re en del af omstillingen til en gr\u00f8nnere verden? Har du brug for en p\u00e5lidelig partner med mere end 20 \u00e5rs erfaring? Hos Agroganic betragter vi os selv som frontl\u00f8bere i den regenerative bev\u00e6gelse, klar til at assistere i enhver sammenh\u00e6ng inden for feltet.\u00a0<\/p>\n<p><a href=\"https:\/\/agroganic.com\/da\/hvad-er-regenerativt-landbrug\/\">L\u00e6s mere om, hvad regenerativt landbrug er.<\/a><\/p>\n<\/div>\n<h2>\n<h2><strong>Hvad vi tilbyder<\/strong><\/h2>\n<\/h2>\n<div>\n<ul>\n<li>Planl\u00e6gning af, hvordan din specifikke virksomhed kan anvende regenerativ landbrugspraksis<\/li>\n<li>En k\u00f8replan for hvert skridt p\u00e5 vejen og r\u00e5dgivning undervejs<\/li>\n<li>Ops\u00e6tning af kontrolsystemer og dokumentation<\/li>\n<li>Uddannelse, workshops, pr\u00e6sentationer og meget mere<\/li>\n<\/ul>\n<\/div>\n<p><img decoding=\"async\" src=\"\/wp-content\/uploads\/iStock-1284784447-1.jpg\" alt=\"\"><\/p>\n<p><!--more--><br \/>\n<!-- {\"type\":\"layout\",\"children\":[{\"name\":\"Hero\",\"type\":\"section\",\"props\":{\"animation\":\"fade\",\"height\":\"viewport\",\"height_offset_top\":true,\"image\":\"wp-content\\\/uploads\\\/company-header.jpg\",\"image_position\":\"center-center\",\"image_size\":\"cover\",\"image_width\":\"2560\",\"style\":\"default\",\"title_breakpoint\":\"xl\",\"title_position\":\"top-left\",\"title_rotation\":\"left\",\"vertical_align\":\"middle\",\"width\":\"large\"},\"children\":[{\"type\":\"row\",\"children\":[{\"type\":\"column\",\"props\":{\"image_position\":\"center-center\",\"position_sticky_breakpoint\":\"m\",\"width_medium\":\"1-1\"},\"children\":[{\"type\":\"headline\",\"props\":{\"content\":\"<strong>Regenerativt landbrug er ikke kun en trend \\u2013 det er fremtidens landbrug<\\\/strong>\",\"margin_remove_top\":true,\"text_align\":\"center\",\"title_element\":\"h1\",\"title_style\":\"heading-medium\"}},{\"type\":\"fragment\",\"props\":{\"margin\":\"default\"},\"children\":[{\"type\":\"row\",\"props\":{\"layout\":\"1-5,3-5,1-5\"},\"children\":[{\"type\":\"column\",\"props\":{\"image_position\":\"center-center\",\"position_sticky_breakpoint\":\"m\",\"width_medium\":\"1-5\"}},{\"type\":\"column\",\"props\":{\"image_position\":\"center-center\",\"position_sticky_breakpoint\":\"m\",\"width_medium\":\"3-5\"},\"children\":[{\"type\":\"text\",\"props\":{\"column_breakpoint\":\"m\",\"content\":\"\n\n<p style=\\\"text-align: center;\\\"><span>Behovet for effektive landbrugssystemer, der er robuste, h\\u00f8jtydende og milj\\u00f8m\\u00e6ssigt ansvarlige, er st\\u00f8rre end nogensinde. Hvis vi vil forts\\u00e6tte med at drive landbrug i fremtiden, er vi n\\u00f8dt til at begynde at bruge regenerative metoder, der b\\u00e5de kan afb\\u00f8de og tilpasse os de klima- og biodiversitetskriser, vi nu st\\u00e5r over for.<\\\/span><\\\/p>\\n\n\n<p style=\\\"text-align: center;\\\"><span>Derfor har vi i Agroganic fokus p\\u00e5 regenerativ r\\u00e5dgivning for virksomheder, s\\u00e5 vi kan hj\\u00e6lpe jer p\\u00e5 vej i den regenerative retning.<\\\/span><\\\/p>\",\"margin\":\"default\"}}]},{\"type\":\"column\",\"props\":{\"image_position\":\"center-center\",\"position_sticky_breakpoint\":\"m\",\"width_medium\":\"1-5\"}}]}]},{\"type\":\"divider\",\"props\":{\"divider_element\":\"hr\",\"divider_style\":\"vertical\"}}]}]}]},{\"type\":\"section\",\"props\":{\"animation\":\"slide-left-medium\",\"image_position\":\"center-center\",\"padding\":\"large\",\"style\":\"default\",\"title_breakpoint\":\"xl\",\"title_position\":\"top-left\",\"title_rotation\":\"left\",\"vertical_align\":\"middle\",\"width\":\"default\"},\"children\":[{\"type\":\"row\",\"props\":{\"column_gap\":\"large\",\"divider\":false,\"layout\":\"1-2,1-2\",\"row_gap\":\"large\"},\"children\":[{\"type\":\"column\",\"props\":{\"image_position\":\"center-center\",\"position_sticky_breakpoint\":\"m\",\"width_medium\":\"1-2\"},\"children\":[{\"type\":\"headline\",\"props\":{\"block_align_breakpoint\":\"m\",\"block_align_fallback\":\"center\",\"content\":\"\n\n<p><strong>Regenerativ landbrugsr\\u00e5dgivning for virksomheder<\\\/strong><\\\/p>\",\"margin\":\"medium\",\"margin_remove_top\":true,\"maxwidth\":\"xlarge\",\"text_align\":\"left\",\"text_align_breakpoint\":\"m\",\"text_align_fallback\":\"center\",\"title_element\":\"h2\"}},{\"type\":\"headline\",\"props\":{\"content\":\"\",\"margin\":\"small\",\"text_align\":\"left\",\"text_align_breakpoint\":\"m\",\"text_align_fallback\":\"center\",\"title_color\":\"muted\",\"title_element\":\"h1\",\"title_style\":\"h6\"}},{\"type\":\"text\",\"props\":{\"block_align_breakpoint\":\"m\",\"block_align_fallback\":\"center\",\"column_breakpoint\":\"m\",\"content\":\"\n\n<p>Er din virksomhed klar til at tage skridtet til at blive regenerativ og v\\u00e6re en del af omstillingen til en gr\\u00f8nnere verden? Har du brug for en p\\u00e5lidelig partner med mere end 20 \\u00e5rs erfaring? Hos Agroganic betragter vi os selv som frontl\\u00f8bere i den regenerative bev\\u00e6gelse, klar til at assistere i enhver sammenh\\u00e6ng inden for feltet.\\u00a0<\\\/p>\\n\n\n<p><a href=\\\"https:\\\/\\\/agroganic.com\\\/da\\\/hvad-er-regenerativt-landbrug\\\/\\\">L\\u00e6s mere om, hvad regenerativt landbrug er.<\\\/a><\\\/p>\",\"margin\":\"xlarge\",\"margin_remove_top\":true,\"maxwidth\":\"2xlarge\",\"maxwidth_breakpoint\":\"m\",\"text_align\":\"left\"}},{\"type\":\"headline\",\"props\":{\"content\":\"\n\n<h2><strong>Hvad vi tilbyder<\\\/strong><\\\/h2>\",\"margin_remove_bottom\":false,\"text_align\":\"left\",\"text_align_breakpoint\":\"m\",\"text_align_fallback\":\"center\",\"title_element\":\"h2\",\"title_style\":\"h4\"}},{\"type\":\"text\",\"props\":{\"column_breakpoint\":\"m\",\"content\":\"\n\n<ul>\\n\n\n<li>Planl\\u00e6gning af, hvordan din specifikke virksomhed kan anvende regenerativ landbrugspraksis<\\\/li>\\n\n\n<li>En k\\u00f8replan for hvert skridt p\\u00e5 vejen og r\\u00e5dgivning undervejs<\\\/li>\\n\n\n<li>Ops\\u00e6tning af kontrolsystemer og dokumentation<\\\/li>\\n\n\n<li>Uddannelse, workshops, pr\\u00e6sentationer og meget mere<\\\/li>\\n<\\\/ul>\",\"margin\":\"default\"}}]},{\"type\":\"column\",\"props\":{\"image_position\":\"center-center\",\"position_sticky_breakpoint\":\"m\",\"width_medium\":\"1-2\"},\"children\":[{\"name\":\"Image Border Circle\",\"type\":\"image\",\"props\":{\"animation\":\"scale-down\",\"image\":\"wp-content\\\/uploads\\\/iStock-1284784447-1.jpg\",\"image_border\":\"rounded\",\"image_height\":800,\"image_svg_color\":\"emphasis\",\"image_width\":\"600\",\"margin\":\"\",\"text_align\":\"center\"}}]}]}],\"name\":\"About\"},{\"type\":\"section\",\"props\":{\"animation\":\"scale-down\",\"image_position\":\"center-center\",\"style\":\"default\",\"title_breakpoint\":\"xl\",\"title_position\":\"top-left\",\"title_rotation\":\"left\",\"vertical_align\":\"middle\",\"width\":\"default\"},\"children\":[{\"type\":\"row\",\"children\":[{\"type\":\"column\",\"props\":{\"image_position\":\"center-center\",\"position_sticky_breakpoint\":\"m\"},\"children\":[{\"name\":\"Overlay Content Center Left\",\"type\":\"overlay\",\"props\":{\"animation\":\"scale-down\",\"image\":\"wp-content\\\/uploads\\\/Corporate-Farm-Assessment-.jpg\",\"image_alt\":\"Biostimulants effect\",\"image_min_height\":\"500\",\"image_width\":\"1600\",\"link\":\"da\\\/kontakt\\\/\",\"link_margin\":\"medium\",\"link_style\":\"default\",\"link_text\":\"Kontakt os\",\"margin\":\"remove-vertical\",\"meta\":\"\",\"meta_align\":\"above-title\",\"meta_element\":\"div\",\"meta_style\":\"text-meta\",\"overlay_hover\":false,\"overlay_link\":true,\"overlay_maxwidth\":\"xlarge\",\"overlay_mode\":\"cover\",\"overlay_padding\":\"large\",\"overlay_position\":\"bottom\",\"overlay_style\":\"overlay-primary\",\"overlay_transition\":\"fade\",\"text_align\":\"center\",\"text_color\":\"light\",\"title\":\"Blev en del af vores netv\\u00e6rk for regenerative landbrugere og f\\u00f8devarevirksomheder\",\"title_color\":\"primary\",\"title_element\":\"h2\",\"title_hover_style\":\"reset\",\"title_link\":true,\"title_style\":\"heading-small\"}}]}],\"props\":{\"status\":\"disabled\"}}]}],\"version\":\"4.3.6\"} --><\/p>\n","protected":false},"excerpt":{"rendered":"<p>Regenerativt landbrug er ikke kun en trend \u2013 det er fremtidens landbrug Behovet for effektive landbrugssystemer, der er robuste, h\u00f8jtydende og milj\u00f8m\u00e6ssigt ansvarlige, er st\u00f8rre end nogensinde. Hvis vi vil forts\u00e6tte med at drive landbrug i fremtiden, er vi n\u00f8dt til at begynde at bruge regenerative metoder, der b\u00e5de kan afb\u00f8de og tilpasse os de [&hellip;]<\/p>\n","protected":false},"author":1,"featured_media":1997,"parent":0,"menu_order":0,"comment_status":"closed","ping_status":"closed","template":"","meta":{"_acf_changed":false,"footnotes":""},"class_list":["post-3032","page","type-page","status-publish","has-post-thumbnail","hentry"],"acf":[],"_links":{"self":[{"href":"https:\/\/agroganic.com\/da\/wp-json\/wp\/v2\/pages\/3032","targetHints":{"allow":["GET"]}}],"collection":[{"href":"https:\/\/agroganic.com\/da\/wp-json\/wp\/v2\/pages"}],"about":[{"href":"https:\/\/agroganic.com\/da\/wp-json\/wp\/v2\/types\/page"}],"author":[{"embeddable":true,"href":"https:\/\/agroganic.com\/da\/wp-json\/wp\/v2\/users\/1"}],"replies":[{"embeddable":true,"href":"https:\/\/agroganic.com\/da\/wp-json\/wp\/v2\/comments?post=3032"}],"version-history":[{"count":15,"href":"https:\/\/agroganic.com\/da\/wp-json\/wp\/v2\/pages\/3032\/revisions"}],"predecessor-version":[{"id":3920,"href":"https:\/\/agroganic.com\/da\/wp-json\/wp\/v2\/pages\/3032\/revisions\/3920"}],"wp:featuredmedia":[{"embeddable":true,"href":"https:\/\/agroganic.com\/da\/wp-json\/wp\/v2\/media\/1997"}],"wp:attachment":[{"href":"https:\/\/agroganic.com\/da\/wp-json\/wp\/v2\/media?parent=3032"}],"curies":[{"name":"wp","href":"https:\/\/api.w.org\/{rel}","templated":true}]}}