{"id":3190,"date":"2024-02-14T10:31:26","date_gmt":"2024-02-14T09:31:26","guid":{"rendered":"https:\/\/agroganic.com\/about\/"},"modified":"2024-06-20T06:26:59","modified_gmt":"2024-06-20T05:26:59","slug":"about-agroganic","status":"publish","type":"page","link":"https:\/\/agroganic.com\/da\/kontakt\/about-agroganic\/","title":{"rendered":"M\u00f8d vores regenerative team"},"content":{"rendered":"<h1>\n<\/h1>\n<h1>Hvorfor Agroganic?<\/h1>\n<div>\n<p>Hos Agroganic tilbyder vi en bred vifte af agronomiske tjenester af h\u00f8j kvalitet for at hj\u00e6lpe med at udvikle din landbrugsvirksomhed. Agroganic er den internationale afdeling af det danske landbrugsr\u00e5dgivningsfirma Agrovi og vi har mere end 20 \u00e5rs erfaring med at hj\u00e6lpe landm\u00e6nd. Vores konsulenter er eksperter inden for deres felt og specialiserer sig i regenerativt landbrug og pr\u00e6cisionslandbrug. Hos Agroganic br\u00e6nder vi for at finde l\u00f8sninger p\u00e5 ethvert problem og at arbejde hen imod en fremtid med \u00f8konomisk og b\u00e6redygtigt landbrug.<\/p>\n<\/div>\n<ul>\n<li>\n<p>        <img decoding=\"async\" src=\"\/wp-content\/uploads\/IMG_9899-scaled.jpg\" alt=\"Henrik Agroganic\"><\/p>\n<div>\n<p><strong>Hans Henrik Fredssted<\/strong><\/p>\n<p><strong>Chefr\u00e5dgiver<\/strong><\/p>\n<p><span>Hans Henrik driver sit eget landbrug i Danmark efter regenerative principper. Han har mere end tyve \u00e5rs erfaring med agronomisk r\u00e5dgivning i Danmark og Baltikum. Han br\u00e6nder for at inspirere sine kunder til at se nye muligheder og udvikle deres forretninger. Han motiveres af at hj\u00e6lpe sine kunder med at forbedre sig og se dem f\u00e5 succes.<\/span><\/p>\n<\/div>\n<\/li>\n<li>\n<p>        <img decoding=\"async\" src=\"\/wp-content\/uploads\/IMG_0076-scaled.jpg\" alt=\"Frederik \"><\/p>\n<div>\n<p><strong>Frederik Vilhelm Larsen<\/strong><\/p>\n<p><strong>Planteavlskonsulent<\/strong><\/p>\n<p><span>Frederik har arbejdet med  landbrug  hele sit liv og har mange  \u00e5rs  praktisk  erfaring med landbrug  fra b\u00e5de   Danmark og udlandet,  hvilket  har givet ham et bredt  perspektiv. Han er ekspert i pl\u00f8jefri landbrug og regenerative principper og har v\u00e6ret en del af udviklingen af Agroganics online konsulentprogram.<\/span><\/p>\n<\/div>\n<\/li>\n<li>\n<p>        <img decoding=\"async\" src=\"\/wp-content\/uploads\/IMG_0058-2.jpg\" alt=\"Kristian \"><\/p>\n<div>\n<p><strong>Kristian M. Thomsen<\/strong><\/p>\n<p><strong>Agronomi konsulent<\/strong><\/p>\n<p>Kristian arbejder med stor-skala landbrugsr\u00e5dgivning i Danmark og Baltikum. Han har en st\u00e6rk praktisk profil og har ti \u00e5rs erfaring med daglig g\u00e5rddrift og r\u00e5dgivning om regenerativ afgr\u00f8deproduktion. Han br\u00e6nder for at hj\u00e6lpe landm\u00e6nd med at dyrke fremragende afgr\u00f8der med s\u00e5 lidt input som muligt. Han motiveres af kunderelationer og af at se sine kunder lykkes.<\/p><\/div>\n<\/li>\n<li>\n<p>        <img decoding=\"async\" src=\"\/wp-content\/uploads\/IMG_0089-scaled.jpg\" alt=\"David \"><\/p>\n<div>\n<p><strong>David H. Dresen<\/strong><\/p>\n<p><strong>Agronomi konsulent<\/strong><\/p>\n<p><span>David arbejder med storstilet regenerativt landbrug i Danmark og Baltikum. Han har mange \u00e5rs erfaring fra Letland, hvor han var ansvarlig for ledelsen p\u00e5 en 3000 ha stor ejendom. Han br\u00e6nder for at minimere input uden at g\u00e5 p\u00e5 kompromis med udbyttet. Det der is\u00e6r fascinerer ham er at det er muligt at arbejde mindre og have et lavere input og samtidig bevare udbyttet.<\/span><\/p>\n<\/div>\n<\/li>\n<li>\n<p>        <img decoding=\"async\" src=\"\/wp-content\/uploads\/IMG_0054-1-scaled.jpg\" alt=\"Jeppe\"><\/p>\n<div>\n<p><strong>Jeppe Grabow<\/strong><\/p>\n<p><strong>Agronomi konsulent<\/strong><\/p>\n<p><span>Jeppe har mange \u00e5rs praktisk erfaring med stordrift i Estland, hvor han var ansvarlig for driften af marker og maskiner p\u00e5 en 2000 ha stor ejendom.  Oplevelsen af den rige natur i Baltikum inspirerede ham til at t\u00e6nke p\u00e5, hvordan landbruget kunne bringes tilbage i harmoni med naturen, samtidig med at han havde et rentabelt landbrug. Han er ekspert i at optimere driften hos store landbrugsvirksomheder og hj\u00e6lpe landbrugere med at forbedre deres praksis.<\/span><\/p>\n<\/div>\n<\/li>\n<li>\n<p>        <img decoding=\"async\" src=\"\/wp-content\/uploads\/IMG_0146-scaled.jpg\" alt=\"Kea-Lena Agroganic\"><\/p>\n<div>\n<p><strong>Kea-Lena P. Talbot<\/strong><\/p>\n<p><strong>Projektleder<\/strong><\/p>\n<p>Kea-Lena har en baggrund i at forske i vinproducenters tilpasning til klima\u00e6ndringer i Sydafrika. Hun br\u00e6nder for videndelingens rolle i den regenerative omstilling af landbruget og tilskyndelse til adf\u00e6rds\u00e6ndringer for at opn\u00e5 b\u00e6redygtige l\u00f8sninger. I Agroganic koordinerer hun projekter og partnerskaber. <\/p>\n<\/div>\n<\/li>\n<li>\n<p>        <img decoding=\"async\" src=\"\/wp-content\/uploads\/20240318_144802-2-scaled.jpg\" alt=\"Niels Peter Agroganic\"><\/p>\n<\/li>\n<li>\n<p>        <img decoding=\"async\" src=\"\/wp-content\/uploads\/IMG_0030-1.jpg\" alt=\"Anja \"><\/p>\n<div>\n<p><strong>Anja Woelders<\/strong><\/p>\n<p><strong>Projektleder<\/strong><\/p>\n<p>Anja har en kandidat i agronomi med speciale i landbrugets milj\u00f8p\u00e5virkninger. Hun br\u00e6nder for at arbejde med, hvordan landbruget kan v\u00e6re en del af en mere b\u00e6redygtig fremtid og for den formidling, der f\u00f8lger med. I Agroganic arbejder hun med virksomhedsprojekter, marketing og formidling.<\/p>\n<\/div>\n<\/li>\n<\/ul>\n<p><!--more--><br \/>\n<!-- {\"type\":\"layout\",\"children\":[{\"type\":\"section\",\"props\":{\"image_position\":\"center-center\",\"style\":\"default\",\"title_breakpoint\":\"xl\",\"title_position\":\"top-left\",\"title_rotation\":\"left\",\"vertical_align\":\"middle\",\"width\":\"default\"},\"children\":[{\"type\":\"row\",\"children\":[{\"type\":\"column\",\"props\":{\"image_position\":\"center-center\",\"position_sticky_breakpoint\":\"m\"},\"children\":[{\"type\":\"headline\",\"props\":{\"content\":\"<br \\\/><br \\\/>\",\"title_element\":\"h1\"}},{\"type\":\"headline\",\"props\":{\"content\":\"Hvorfor Agroganic?\",\"text_align\":\"center\",\"title_element\":\"h1\"}},{\"type\":\"text\",\"props\":{\"column_breakpoint\":\"m\",\"content\":\"\n\n<p>Hos Agroganic tilbyder vi en bred vifte af agronomiske tjenester af h\\u00f8j kvalitet for at hj\\u00e6lpe med at udvikle din landbrugsvirksomhed. Agroganic er den internationale afdeling af det danske landbrugsr\\u00e5dgivningsfirma Agrovi og vi har mere end 20 \\u00e5rs erfaring med at hj\\u00e6lpe landm\\u00e6nd. Vores konsulenter er eksperter inden for deres felt og specialiserer sig i regenerativt landbrug og pr\\u00e6cisionslandbrug. Hos Agroganic br\\u00e6nder vi for at finde l\\u00f8sninger p\\u00e5 ethvert problem og at arbejde hen imod en fremtid med \\u00f8konomisk og b\\u00e6redygtigt landbrug.<\\\/p>\",\"margin\":\"default\",\"text_align\":\"center\"}}]}]}]},{\"type\":\"section\",\"props\":{\"image_position\":\"center-center\",\"style\":\"default\",\"title_breakpoint\":\"xl\",\"title_position\":\"top-left\",\"title_rotation\":\"left\",\"vertical_align\":\"middle\",\"width\":\"default\"},\"children\":[{\"type\":\"row\",\"children\":[{\"type\":\"column\",\"props\":{\"image_position\":\"center-center\",\"position_sticky_breakpoint\":\"m\"},\"children\":[{\"name\":\"Gallery Lightbox\",\"type\":\"gallery\",\"children\":[{\"type\":\"gallery_item\",\"props\":{\"content\":\"\n\n<p><strong>Hans Henrik Fredssted<\\\/strong><\\\/p>\\n\n\n<p><strong>Chefr\\u00e5dgiver<\\\/strong><\\\/p>\\n\n\n<p><span>Hans Henrik driver sit eget landbrug i Danmark efter regenerative principper. Han har mere end tyve \\u00e5rs erfaring med agronomisk r\\u00e5dgivning i Danmark og Baltikum. Han br\\u00e6nder for at inspirere sine kunder til at se nye muligheder og udvikle deres forretninger. Han motiveres af at hj\\u00e6lpe sine kunder med at forbedre sig og se dem f\\u00e5 succes.<\\\/span><\\\/p>\",\"image\":\"wp-content\\\/uploads\\\/IMG_9899-scaled.jpg\",\"image_alt\":\"Henrik Agroganic\",\"meta\":\"\",\"title\":\"\"}},{\"type\":\"gallery_item\",\"props\":{\"content\":\"\n\n<p><strong>Frederik Vilhelm Larsen<\\\/strong><\\\/p>\\n\n\n<p><strong>Planteavlskonsulent<\\\/strong><\\\/p>\\n\n\n<p><span>Frederik har arbejdet med  landbrug  hele sit liv og har mange  \\u00e5rs  praktisk  erfaring med landbrug  fra b\\u00e5de   Danmark og udlandet,  hvilket  har givet ham et bredt  perspektiv. Han er ekspert i pl\\u00f8jefri landbrug og regenerative principper og har v\\u00e6ret en del af udviklingen af Agroganics online konsulentprogram.<\\\/span><\\\/p>\",\"image\":\"wp-content\\\/uploads\\\/IMG_0076-scaled.jpg\",\"image_alt\":\"Frederik \"}},{\"type\":\"gallery_item\",\"props\":{\"content\":\"\n\n<p><strong>Kristian M. Thomsen<\\\/strong><\\\/p>\\n\n\n<p><strong>Agronomi konsulent<\\\/strong><\\\/p>\\n\n\n<p>Kristian arbejder med stor-skala landbrugsr\\u00e5dgivning i Danmark og Baltikum. Han har en st\\u00e6rk praktisk profil og har ti \\u00e5rs erfaring med daglig g\\u00e5rddrift og r\\u00e5dgivning om regenerativ afgr\\u00f8deproduktion. Han br\\u00e6nder for at hj\\u00e6lpe landm\\u00e6nd med at dyrke fremragende afgr\\u00f8der med s\\u00e5 lidt input som muligt. Han motiveres af kunderelationer og af at se sine kunder lykkes.\",\"image\":\"wp-content\\\/uploads\\\/IMG_0058-2.jpg\",\"image_alt\":\"Kristian \"}},{\"type\":\"gallery_item\",\"props\":{\"content\":\"\n\n<p><strong>David H. Dresen<\\\/strong><\\\/p>\\n\n\n<p><strong>Agronomi konsulent<\\\/strong><\\\/p>\\n\n\n<p><span>David arbejder med storstilet regenerativt landbrug i Danmark og Baltikum. Han har mange \\u00e5rs erfaring fra Letland, hvor han var ansvarlig for ledelsen p\\u00e5 en 3000 ha stor ejendom. Han br\\u00e6nder for at minimere input uden at g\\u00e5 p\\u00e5 kompromis med udbyttet. Det der is\\u00e6r fascinerer ham er at det er muligt at arbejde mindre og have et lavere input og samtidig bevare udbyttet.<\\\/span><\\\/p>\",\"image\":\"wp-content\\\/uploads\\\/IMG_0089-scaled.jpg\",\"image_alt\":\"David \"}},{\"type\":\"gallery_item\",\"props\":{\"content\":\"\n\n<p><strong>Jeppe Grabow<\\\/strong><\\\/p>\\n\n\n<p><strong>Agronomi konsulent<\\\/strong><\\\/p>\\n\n\n<p><span>Jeppe har mange \\u00e5rs praktisk erfaring med stordrift i Estland, hvor han var ansvarlig for driften af marker og maskiner p\\u00e5 en 2000 ha stor ejendom.  Oplevelsen af den rige natur i Baltikum inspirerede ham til at t\\u00e6nke p\\u00e5, hvordan landbruget kunne bringes tilbage i harmoni med naturen, samtidig med at han havde et rentabelt landbrug. Han er ekspert i at optimere driften hos store landbrugsvirksomheder og hj\\u00e6lpe landbrugere med at forbedre deres praksis.<\\\/span><\\\/p>\",\"hover_image\":\"\",\"image\":\"wp-content\\\/uploads\\\/IMG_0054-1-scaled.jpg\",\"image_alt\":\"Jeppe\"}},{\"type\":\"gallery_item\",\"props\":{\"content\":\"\n\n<p><strong>Kea-Lena P. Talbot<\\\/strong><\\\/p>\\n\n\n<p><strong>Projektleder<\\\/strong><\\\/p>\\n\n\n<p>Kea-Lena har en baggrund i at forske i vinproducenters tilpasning til klima\\u00e6ndringer i Sydafrika. Hun br\\u00e6nder for videndelingens rolle i den regenerative omstilling af landbruget og tilskyndelse til adf\\u00e6rds\\u00e6ndringer for at opn\\u00e5 b\\u00e6redygtige l\\u00f8sninger. I Agroganic koordinerer hun projekter og partnerskaber. <\\\/p>\",\"image\":\"wp-content\\\/uploads\\\/IMG_0146-scaled.jpg\",\"image_alt\":\"Kea-Lena Agroganic\"}},{\"type\":\"gallery_item\",\"props\":{\"image\":\"wp-content\\\/uploads\\\/20240318_144802-2-scaled.jpg\",\"image_alt\":\"Niels Peter Agroganic\"}},{\"type\":\"gallery_item\",\"props\":{\"content\":\"\n\n<p><strong>Anja Woelders<\\\/strong><\\\/p>\\n\n\n<p><strong>Projektleder<\\\/strong><\\\/p>\\n\n\n<p>Anja har en kandidat i agronomi med speciale i landbrugets milj\\u00f8p\\u00e5virkninger. Hun br\\u00e6nder for at arbejde med, hvordan landbruget kan v\\u00e6re en del af en mere b\\u00e6redygtig fremtid og for den formidling, der f\\u00f8lger med. I Agroganic arbejder hun med virksomhedsprojekter, marketing og formidling.<\\\/p>\",\"image\":\"wp-content\\\/uploads\\\/IMG_0030-1.jpg\",\"image_alt\":\"Anja \"}}],\"props\":{\"filter_align\":\"left\",\"filter_all\":true,\"filter_grid_breakpoint\":\"m\",\"filter_grid_width\":\"auto\",\"filter_position\":\"top\",\"filter_style\":\"tab\",\"grid_column_gap\":\"small\",\"grid_default\":\"1\",\"grid_large\":\"2\",\"grid_medium\":\"2\",\"grid_row_gap\":\"small\",\"grid_small\":\"1\",\"grid_xlarge\":\"2\",\"image_width\":\"610\",\"item_animation\":true,\"lightbox\":true,\"lightbox_image_height\":\"900\",\"link_style\":\"text\",\"link_text\":\"\",\"margin\":\"default\",\"meta_align\":\"below-title\",\"meta_element\":\"div\",\"meta_style\":\"text-meta\",\"overlay_hover\":true,\"overlay_link\":true,\"overlay_mode\":\"cover\",\"overlay_position\":\"center\",\"overlay_style\":\"overlay-default\",\"overlay_transition\":\"fade\",\"parallax_easing\":\"1\",\"show_content\":true,\"show_hover_image\":true,\"show_link\":true,\"show_meta\":true,\"show_title\":true,\"text_align\":\"center\",\"text_color\":\"light\",\"title_element\":\"h3\",\"title_hover_style\":\"reset\"}}]}]}]}],\"version\":\"4.3.6\"} --><\/p>\n","protected":false},"excerpt":{"rendered":"<p>Hvorfor Agroganic? Hos Agroganic tilbyder vi en bred vifte af agronomiske tjenester af h\u00f8j kvalitet for at hj\u00e6lpe med at udvikle din landbrugsvirksomhed. Agroganic er den internationale afdeling af det danske landbrugsr\u00e5dgivningsfirma Agrovi og vi har mere end 20 \u00e5rs erfaring med at hj\u00e6lpe landm\u00e6nd. Vores konsulenter er eksperter inden for deres felt og specialiserer [&hellip;]<\/p>\n","protected":false},"author":1,"featured_media":0,"parent":3022,"menu_order":0,"comment_status":"closed","ping_status":"closed","template":"","meta":{"_acf_changed":false,"footnotes":""},"class_list":["post-3190","page","type-page","status-publish","hentry"],"acf":[],"_links":{"self":[{"href":"https:\/\/agroganic.com\/da\/wp-json\/wp\/v2\/pages\/3190","targetHints":{"allow":["GET"]}}],"collection":[{"href":"https:\/\/agroganic.com\/da\/wp-json\/wp\/v2\/pages"}],"about":[{"href":"https:\/\/agroganic.com\/da\/wp-json\/wp\/v2\/types\/page"}],"author":[{"embeddable":true,"href":"https:\/\/agroganic.com\/da\/wp-json\/wp\/v2\/users\/1"}],"replies":[{"embeddable":true,"href":"https:\/\/agroganic.com\/da\/wp-json\/wp\/v2\/comments?post=3190"}],"version-history":[{"count":7,"href":"https:\/\/agroganic.com\/da\/wp-json\/wp\/v2\/pages\/3190\/revisions"}],"predecessor-version":[{"id":3756,"href":"https:\/\/agroganic.com\/da\/wp-json\/wp\/v2\/pages\/3190\/revisions\/3756"}],"up":[{"embeddable":true,"href":"https:\/\/agroganic.com\/da\/wp-json\/wp\/v2\/pages\/3022"}],"wp:attachment":[{"href":"https:\/\/agroganic.com\/da\/wp-json\/wp\/v2\/media?parent=3190"}],"curies":[{"name":"wp","href":"https:\/\/api.w.org\/{rel}","templated":true}]}}