{"id":3421,"date":"2024-05-22T09:58:42","date_gmt":"2024-05-22T08:58:42","guid":{"rendered":"https:\/\/agroganic.com\/?page_id=3421"},"modified":"2024-06-14T09:15:27","modified_gmt":"2024-06-14T08:15:27","slug":"regenerativ-database","status":"publish","type":"page","link":"https:\/\/agroganic.com\/da\/regenerativ-database\/","title":{"rendered":"Bliv En Del af Vores Regenerative Database"},"content":{"rendered":"<p><img decoding=\"async\" src=\"\/wp-content\/uploads\/Rug-1.jpg\" alt=\"regenerative agriculture\"><\/p>\n<hr>\n<h1>BLIV EN DEL AF EN REGENERATIV DATABASE<\/h1>\n<div>\n<h3>Er du interesseret i regenerativt landbrug, eller dyrker du allerede efter regenerative principper?<\/h3>\n<div class=\"uk-margin-medium\">\n<p>I s\u00e5 fald kan du tilmelde dig og blive en del af vores <strong>database over regenerative landm\u00e6nd.<\/strong> S\u00e5 kan du v\u00e6re blandt de f\u00f8rste, der bliver kontaktet, n\u00e5r vi forhandler kontrakter p\u00e5 regenerativt korn, med st\u00f8rre f\u00f8devarevirksomheder, som \u00f8nsker at g\u00e5 i en regenerativ retning.<\/p>\n<p>Vi oplever en \u00f8get eftersp\u00f8rgsel p\u00e5 regenerativt korn fra store f\u00f8devarevirksomheder, og vi arbejder p\u00e5 at ops\u00e6tte et netv\u00e6rk, der kan forbinde producenter og k\u00f8bere af regenerative produkter.<\/p>\n<h4><em>Hvad er databasen?<\/em><\/h4>\n<p>Indtil videre er det blot en liste over landm\u00e6nd, der er interesserede i at dyrke regenerativt korn. P\u00e5 den m\u00e5de kan vi vise virksomhederne, at deres eftersp\u00f8rgsel p\u00e5 regenerative produkter kan blive m\u00f8dt, og de landm\u00e6nd, der tilmelder sig, vil v\u00e6re de f\u00f8rste, der bliver kontaktet, n\u00e5r kontrakterne forhandles.\u00a0<\/p>\n<h4><em>Skal jeg allerede nu v\u00e6re producent af regenerative afgr\u00f8der?<\/em><\/h4>\n<p>Nej. Din tilmelding til databasen betyder kun, at du er interesseret i at dyrke regenerativt i fremtiden.<\/p>\n<h4><em>Koster det penge at tilmelde sig?<\/em><\/h4>\n<p>Nej, det er gratis.<\/p>\n<h4><em>Hvad f\u00e5r jeg ud af at tilmelde mig en database?<\/em><\/h4>\n<p>Ved at tilmelde dig, fort\u00e6ller du os, at du gerne vil kontaktes, n\u00e5r virksomheder udbyder kontrakter p\u00e5 regenerativt korn. I fremtiden sender vi muligvis ogs\u00e5 invitationer ud til netv\u00e6rksm\u00f8der eller erfa-grupper, men du vil ikke blive spammet af un\u00f8dige emails.\u00a0<\/p>\n<h4><em>Hvordan tilmelder jeg mig?\u00a0<\/em><\/h4>\n<p>Udfyld formularen herunder for at tilmelde dig! Den tager kun et minut at udfylde.<\/p>\n<\/div>\n<h6>Hvis du har andre sp\u00f8rgsm\u00e5l er du meget velkommen til at <a href=\"https:\/\/agroganic.com\/contact\/\">kontakte os her<\/a>.<\/h6>\n<\/p>\n<\/div>\n<div>\n<div id=\"ff-compose\"><\/div>\n<p><script async defer src=\"https:\/\/formfacade.com\/include\/102594658605818356849\/form\/1FAIpQLSfFbGPS3WqnfVoGv2Qr5ALUGJ-zUxVyYAZeajrpJDAUEN8u_Q\/wordpress.js?div=ff-compose\"><\/script>\n<\/div>\n<p><!--more--><br \/>\n<!-- {\"type\":\"layout\",\"children\":[{\"type\":\"section\",\"props\":{\"image_position\":\"center-center\",\"style\":\"default\",\"title_breakpoint\":\"xl\",\"title_position\":\"top-left\",\"title_rotation\":\"left\",\"vertical_align\":\"middle\",\"width\":\"default\"},\"children\":[{\"type\":\"row\",\"children\":[{\"type\":\"column\",\"props\":{\"image_position\":\"center-center\",\"position_sticky_breakpoint\":\"m\"},\"children\":[{\"type\":\"image\",\"props\":{\"image\":\"wp-content\\\/uploads\\\/Rug-1.jpg\",\"image_alt\":\"regenerative agriculture\",\"image_height\":200,\"image_svg_color\":\"emphasis\",\"image_width\":1500,\"margin\":\"default\"}},{\"type\":\"divider\",\"props\":{\"divider_element\":\"hr\"}},{\"type\":\"headline\",\"props\":{\"content\":\"BLIV EN DEL AF EN REGENERATIV DATABASE\",\"title_element\":\"h1\"}},{\"type\":\"text\",\"props\":{\"column_breakpoint\":\"m\",\"content\":\"\n\n<h3>Er du interesseret i regenerativt landbrug, eller dyrker du allerede efter regenerative principper?<\\\/h3>\\n\n\n<div class=\\\"uk-margin-medium\\\">\\n\n\n<p>I s\\u00e5 fald kan du tilmelde dig og blive en del af vores <strong>database over regenerative landm\\u00e6nd.<\\\/strong> S\\u00e5 kan du v\\u00e6re blandt de f\\u00f8rste, der bliver kontaktet, n\\u00e5r vi forhandler kontrakter p\\u00e5 regenerativt korn, med st\\u00f8rre f\\u00f8devarevirksomheder, som \\u00f8nsker at g\\u00e5 i en regenerativ retning.<\\\/p>\\n\n\n<p>Vi oplever en \\u00f8get eftersp\\u00f8rgsel p\\u00e5 regenerativt korn fra store f\\u00f8devarevirksomheder, og vi arbejder p\\u00e5 at ops\\u00e6tte et netv\\u00e6rk, der kan forbinde producenter og k\\u00f8bere af regenerative produkter.<\\\/p>\\n\n\n<h4><em>Hvad er databasen?<\\\/em><\\\/h4>\\n\n\n<p>Indtil videre er det blot en liste over landm\\u00e6nd, der er interesserede i at dyrke regenerativt korn. P\\u00e5 den m\\u00e5de kan vi vise virksomhederne, at deres eftersp\\u00f8rgsel p\\u00e5 regenerative produkter kan blive m\\u00f8dt, og de landm\\u00e6nd, der tilmelder sig, vil v\\u00e6re de f\\u00f8rste, der bliver kontaktet, n\\u00e5r kontrakterne forhandles.\\u00a0<\\\/p>\\n\n\n<h4><em>Skal jeg allerede nu v\\u00e6re producent af regenerative afgr\\u00f8der?<\\\/em><\\\/h4>\\n\n\n<p>Nej. Din tilmelding til databasen betyder kun, at du er interesseret i at dyrke regenerativt i fremtiden.<\\\/p>\\n\n\n<h4><em>Koster det penge at tilmelde sig?<\\\/em><\\\/h4>\\n\n\n<p>Nej, det er gratis.<\\\/p>\\n\n\n<h4><em>Hvad f\\u00e5r jeg ud af at tilmelde mig en database?<\\\/em><\\\/h4>\\n\n\n<p>Ved at tilmelde dig, fort\\u00e6ller du os, at du gerne vil kontaktes, n\\u00e5r virksomheder udbyder kontrakter p\\u00e5 regenerativt korn. I fremtiden sender vi muligvis ogs\\u00e5 invitationer ud til netv\\u00e6rksm\\u00f8der eller erfa-grupper, men du vil ikke blive spammet af un\\u00f8dige emails.\\u00a0<\\\/p>\\n\n\n<h4><em>Hvordan tilmelder jeg mig?\\u00a0<\\\/em><\\\/h4>\\n\n\n<p>Udfyld formularen herunder for at tilmelde dig! Den tager kun et minut at udfylde.<\\\/p>\\n<\\\/div>\\n\n\n<h6>Hvis du har andre sp\\u00f8rgsm\\u00e5l er du meget velkommen til at <a href=\\\"https:\\\/\\\/agroganic.com\\\/contact\\\/\\\">kontakte os her<\\\/a>.<\\\/h6>\\n\n\n<p><\\\/p>\",\"margin\":\"default\"}},{\"type\":\"html\",\"props\":{\"content\":\"\n\n<div id=\\\"ff-compose\\\"><\\\/div>\\n<script async defer src=\\\"https:\\\/\\\/formfacade.com\\\/include\\\/102594658605818356849\\\/form\\\/1FAIpQLSfFbGPS3WqnfVoGv2Qr5ALUGJ-zUxVyYAZeajrpJDAUEN8u_Q\\\/wordpress.js?div=ff-compose\\\"><\\\/script>\"}}]}]}]},{\"type\":\"section\",\"props\":{\"image_position\":\"center-center\",\"style\":\"default\",\"title_breakpoint\":\"xl\",\"title_position\":\"top-left\",\"title_rotation\":\"left\",\"vertical_align\":\"middle\",\"width\":\"default\"},\"children\":[{\"type\":\"row\",\"children\":[{\"type\":\"column\",\"props\":{\"image_position\":\"center-center\",\"position_sticky_breakpoint\":\"m\"}}]}]}],\"version\":\"4.3.6\"} --><\/p>\n","protected":false},"excerpt":{"rendered":"<p>BLIV EN DEL AF EN REGENERATIV DATABASE Er du interesseret i regenerativt landbrug, eller dyrker du allerede efter regenerative principper? I s\u00e5 fald kan du tilmelde dig og blive en del af vores database over regenerative landm\u00e6nd. S\u00e5 kan du v\u00e6re blandt de f\u00f8rste, der bliver kontaktet, n\u00e5r vi forhandler kontrakter p\u00e5 regenerativt korn, med [&hellip;]<\/p>\n","protected":false},"author":233,"featured_media":3455,"parent":0,"menu_order":0,"comment_status":"closed","ping_status":"closed","template":"","meta":{"_acf_changed":false,"footnotes":""},"class_list":["post-3421","page","type-page","status-publish","has-post-thumbnail","hentry"],"acf":[],"_links":{"self":[{"href":"https:\/\/agroganic.com\/da\/wp-json\/wp\/v2\/pages\/3421","targetHints":{"allow":["GET"]}}],"collection":[{"href":"https:\/\/agroganic.com\/da\/wp-json\/wp\/v2\/pages"}],"about":[{"href":"https:\/\/agroganic.com\/da\/wp-json\/wp\/v2\/types\/page"}],"author":[{"embeddable":true,"href":"https:\/\/agroganic.com\/da\/wp-json\/wp\/v2\/users\/233"}],"replies":[{"embeddable":true,"href":"https:\/\/agroganic.com\/da\/wp-json\/wp\/v2\/comments?post=3421"}],"version-history":[{"count":19,"href":"https:\/\/agroganic.com\/da\/wp-json\/wp\/v2\/pages\/3421\/revisions"}],"predecessor-version":[{"id":3742,"href":"https:\/\/agroganic.com\/da\/wp-json\/wp\/v2\/pages\/3421\/revisions\/3742"}],"wp:featuredmedia":[{"embeddable":true,"href":"https:\/\/agroganic.com\/da\/wp-json\/wp\/v2\/media\/3455"}],"wp:attachment":[{"href":"https:\/\/agroganic.com\/da\/wp-json\/wp\/v2\/media?parent=3421"}],"curies":[{"name":"wp","href":"https:\/\/api.w.org\/{rel}","templated":true}]}}