{"id":678,"date":"2021-03-08T14:13:27","date_gmt":"2021-03-08T13:13:27","guid":{"rendered":"https:\/\/enjoy.redhill.dk\/lms\/?page_id=678"},"modified":"2021-03-29T09:06:25","modified_gmt":"2021-03-29T08:06:25","slug":"nyttige-links","status":"publish","type":"page","link":"https:\/\/agroganic.com\/da\/nyttige-links\/","title":{"rendered":"Nyttige links"},"content":{"rendered":"<h1>Nyttige links<\/h1>\n<div>\n<p>Her kan du finde links til artikler\/videoer, som kan v\u00e6re nyttige at kende til, n\u00e5r du tager kurset.<\/p>\n<\/div>\n<ul>\n<li>\n<p>        <a href=\"https:\/\/coolfarmtool.org\/\"><img decoding=\"async\" src=\"\/wp-content\/uploads\/Logoer_NyttigeLinks_DK.jpg\" alt=\"\"><\/a><\/p>\n<h3>Klik her<\/h3>\n<\/li>\n<li>\n<p>        <a href=\"https:\/\/commoditrader.com\/da\/\"><img decoding=\"async\" src=\"\/wp-content\/uploads\/Logoer_NyttigeLinks_DK7.jpg\" alt=\"\"><\/a><\/p>\n<h3>Klik her<\/h3>\n<\/li>\n<li>\n<p>        <a href=\"https:\/\/www.agrovi.dk\/\"><img decoding=\"async\" src=\"\/wp-content\/uploads\/Logoer_NyttigeLinks_DK2.jpg\" alt=\"\"><\/a><\/p>\n<h3>Klik her<\/h3>\n<\/li>\n<\/ul>\n<ul>\n<li>\n<h3>Cool Farm Tool<\/h3>\n<div>\n<p>L\u00e6s mere om, den internationale udregningsmodel, der ligger til grund for Commodicarbons beregninger.<\/p>\n<\/div>\n<p><a href=\"https:\/\/coolfarmtool.org\/\"><\/a><\/p>\n<\/li>\n<li>\n<h3>Commoditrader<\/h3>\n<div>\n<p>Bes\u00f8g Commoditrader, hvor du ogs\u00e5 kan oprette din profil p\u00e5 Commodicarbon.\u00a0<\/p>\n<\/div>\n<p><a href=\"https:\/\/commoditrader.com\/da\/\"><\/a><\/p>\n<\/li>\n<li>\n<h3>Agrovi<\/h3>\n<div>\n<p>Agrovi er r\u00e5dgivningscenter, t\u00e6t samarbejdspartner og udvikler af l\u00e6ringsmaterialet om Commodiucarbon.<\/p>\n<\/div>\n<p><a href=\"https:\/\/www.agrovi.dk\/\"><\/a><\/p>\n<\/li>\n<\/ul>\n<ul>\n<li>\n<p>        <a href=\"https:\/\/ember-climate.org\/data\/carbon-price-viewer\/\"><img decoding=\"async\" src=\"\/wp-content\/uploads\/Logoer_NyttigeLinks_DK3.jpg\" alt=\"\"><\/a><\/p>\n<h3>Klik her<\/h3>\n<\/li>\n<li>\n<p>        <a href=\"https:\/\/www.youtube.com\/watch?v=x1SgmFa0r04\"><img decoding=\"async\" src=\"\/wp-content\/uploads\/Logoer_NyttigeLinks_DK4.jpg\" alt=\"\"><\/a><\/p>\n<h3>Klik her<\/h3>\n<\/li>\n<li>\n<p>        <a href=\"https:\/\/gmsr.dk\/\"><img decoding=\"async\" src=\"\/wp-content\/uploads\/Logoer_NyttigeLinks_DK5.jpg\" alt=\"\"><\/a><\/p>\n<h3>Klik her<\/h3>\n<\/li>\n<\/ul>\n<ul>\n<li>\n<h3>Tentativ pris p\u00e5 CO2-certifikater <\/h3>\n<div>\n<p>F\u00f8lg prisudviklingen p\u00e5 Co2 certifikater her. Prisen er vejledende.<\/p>\n<\/div>\n<p><a href=\"https:\/\/ember-climate.org\/data\/carbon-price-viewer\/\"><\/a><\/p>\n<\/li>\n<li>\n<h3>Et \u00e5r med Co2-produktion<\/h3>\n<div>\n<p>I et \u00e5r, har NASA fulgt Co2-produktionen p\u00e5 hele kloden. Bem\u00e6rk, hvor meget Co2, der bliver udledt i marts-april, hvor mange marker bliver pl\u00f8jet forud til v\u00e5rafgr\u00f8der<\/p>\n<\/div>\n<p><a href=\"https:\/\/www.youtube.com\/watch?v=x1SgmFa0r04\"><\/a><\/p>\n<\/li>\n<li>\n<h3>Gr\u00f8nne Marker &#038; St\u00e6rke R\u00f8dder<\/h3>\n<div>\n<p>Projektet &#8220;Gr\u00f8nne Marker, St\u00e6rke R\u00f8dder&#8221; har bl.a. unders\u00f8gt forskellene p\u00e5 drifts\u00f8konomi og biodiversitet p\u00e5 ejendomme med hhv. Conservation Agriculture, pl\u00f8jet og harvede systemer.<\/p>\n<\/div>\n<p><a href=\"https:\/\/gmsr.dk\/\"><\/a><\/p>\n<\/li>\n<\/ul>\n<div>\n<p>    <a href=\"https:\/\/www.frdk.dk\/\"><img decoding=\"async\" src=\"\/wp-content\/uploads\/Logoer_NyttigeLinks_DK6.jpg\" alt=\"\"><\/a><\/p>\n<h3>Klik her<\/h3>\n<\/div>\n<div>\n<h3>FRDK<\/h3>\n<div>\n<p>FRDK er den danske forening for reduceret jordbrug. FRDK s\u00e6lger desuden efterafgr\u00f8deblandinger og er formidler om det pl\u00f8jefri system i Danmark sammen med Agrovi.<\/p>\n<\/div>\n<p><a href=\"https:\/\/www.frdk.dk\/\"><\/a><\/p>\n<\/div>\n<p><!--more--><br \/>\n<!-- {\"type\":\"layout\",\"children\":[{\"type\":\"section\",\"props\":{\"style\":\"default\",\"width\":\"default\",\"vertical_align\":\"middle\",\"title_position\":\"top-left\",\"title_rotation\":\"left\",\"title_breakpoint\":\"xl\",\"image_position\":\"center-center\"},\"children\":[{\"type\":\"row\",\"children\":[{\"type\":\"column\",\"props\":{\"image_position\":\"center-center\",\"media_overlay_gradient\":\"\"},\"children\":[{\"type\":\"headline\",\"props\":{\"title_element\":\"h1\",\"content\":\"Nyttige links\"}},{\"type\":\"text\",\"props\":{\"margin\":\"default\",\"column_breakpoint\":\"m\",\"content\":\"\n\n<p>Her kan du finde links til artikler\\\/videoer, som kan v\\u00e6re nyttige at kende til, n\\u00e5r du tager kurset.<\\\/p>\"}},{\"type\":\"gallery\",\"props\":{\"show_title\":true,\"show_meta\":true,\"show_content\":true,\"show_link\":true,\"show_hover_image\":true,\"grid_default\":\"1\",\"grid_medium\":\"3\",\"filter_style\":\"tab\",\"filter_all\":true,\"filter_position\":\"top\",\"filter_align\":\"left\",\"filter_grid_width\":\"auto\",\"filter_grid_breakpoint\":\"m\",\"overlay_mode\":\"cover\",\"overlay_hover\":true,\"overlay_style\":\"overlay-primary\",\"text_color\":\"light\",\"overlay_position\":\"center\",\"overlay_transition\":\"fade\",\"title_hover_style\":\"reset\",\"title_element\":\"h3\",\"meta_style\":\"meta\",\"meta_align\":\"below-title\",\"meta_element\":\"div\",\"link_text\":\"\",\"link_style\":\"default\",\"text_align\":\"center\",\"margin\":\"default\",\"item_animation\":\"none\",\"link_target\":true,\"title_link\":false},\"children\":[{\"type\":\"gallery_item\",\"props\":{\"image\":\"wp-content\\\/uploads\\\/Logoer_NyttigeLinks_DK.jpg\",\"title\":\"Klik her\",\"link\":\"https:\\\/\\\/coolfarmtool.org\\\/\"}},{\"type\":\"gallery_item\",\"props\":{\"image\":\"wp-content\\\/uploads\\\/Logoer_NyttigeLinks_DK7.jpg\",\"title\":\"Klik her\",\"link\":\"https:\\\/\\\/commoditrader.com\\\/da\\\/\"}},{\"type\":\"gallery_item\",\"props\":{\"image\":\"wp-content\\\/uploads\\\/Logoer_NyttigeLinks_DK2.jpg\",\"title\":\"Klik her\",\"link\":\"https:\\\/\\\/www.agrovi.dk\\\/\"}}]},{\"type\":\"grid\",\"props\":{\"show_title\":true,\"show_meta\":true,\"show_content\":true,\"show_image\":true,\"show_link\":true,\"grid_default\":\"1\",\"grid_medium\":\"3\",\"filter_style\":\"tab\",\"filter_all\":true,\"filter_position\":\"top\",\"filter_align\":\"left\",\"filter_grid_width\":\"auto\",\"filter_grid_breakpoint\":\"m\",\"title_hover_style\":\"reset\",\"title_element\":\"h3\",\"title_align\":\"top\",\"title_grid_width\":\"1-2\",\"title_grid_breakpoint\":\"m\",\"meta_style\":\"meta\",\"meta_align\":\"below-title\",\"meta_element\":\"div\",\"content_column_breakpoint\":\"m\",\"icon_width\":80,\"image_align\":\"top\",\"image_grid_width\":\"1-2\",\"image_grid_breakpoint\":\"m\",\"image_svg_color\":\"emphasis\",\"link_text\":\"\",\"link_style\":\"default\",\"margin\":\"default\",\"item_animation\":\"\",\"link_target\":true},\"children\":[{\"type\":\"grid_item\",\"props\":{\"title\":\"Cool Farm Tool\",\"link\":\"https:\\\/\\\/coolfarmtool.org\\\/\",\"image\":\"\",\"content\":\"\n\n<p>L\\u00e6s mere om, den internationale udregningsmodel, der ligger til grund for Commodicarbons beregninger.<\\\/p>\"}},{\"type\":\"grid_item\",\"props\":{\"title\":\"Commoditrader\",\"link\":\"https:\\\/\\\/commoditrader.com\\\/da\\\/\",\"content\":\"\n\n<p>Bes\\u00f8g Commoditrader, hvor du ogs\\u00e5 kan oprette din profil p\\u00e5 Commodicarbon.\\u00a0<\\\/p>\"}},{\"type\":\"grid_item\",\"props\":{\"title\":\"Agrovi\",\"image\":\"\",\"link\":\"https:\\\/\\\/www.agrovi.dk\\\/\",\"content\":\"\n\n<p>Agrovi er r\\u00e5dgivningscenter, t\\u00e6t samarbejdspartner og udvikler af l\\u00e6ringsmaterialet om Commodiucarbon.<\\\/p>\"}}]},{\"type\":\"gallery\",\"props\":{\"show_title\":true,\"show_meta\":true,\"show_content\":true,\"show_link\":true,\"show_hover_image\":true,\"grid_default\":\"1\",\"grid_medium\":\"3\",\"filter_style\":\"tab\",\"filter_all\":true,\"filter_position\":\"top\",\"filter_align\":\"left\",\"filter_grid_width\":\"auto\",\"filter_grid_breakpoint\":\"m\",\"overlay_mode\":\"cover\",\"overlay_hover\":true,\"overlay_style\":\"overlay-primary\",\"text_color\":\"light\",\"overlay_position\":\"center\",\"overlay_transition\":\"fade\",\"title_hover_style\":\"reset\",\"title_element\":\"h3\",\"meta_style\":\"meta\",\"meta_align\":\"below-title\",\"meta_element\":\"div\",\"link_text\":\"\",\"link_style\":\"default\",\"text_align\":\"center\",\"margin\":\"default\",\"item_animation\":\"\",\"link_target\":true},\"children\":[{\"type\":\"gallery_item\",\"props\":{\"image\":\"wp-content\\\/uploads\\\/Logoer_NyttigeLinks_DK3.jpg\",\"link\":\"https:\\\/\\\/ember-climate.org\\\/data\\\/carbon-price-viewer\\\/\",\"title\":\"Klik her\"}},{\"type\":\"gallery_item\",\"props\":{\"image\":\"wp-content\\\/uploads\\\/Logoer_NyttigeLinks_DK4.jpg\",\"link\":\"https:\\\/\\\/www.youtube.com\\\/watch?v=x1SgmFa0r04\",\"title\":\"Klik her\"}},{\"type\":\"gallery_item\",\"props\":{\"image\":\"wp-content\\\/uploads\\\/Logoer_NyttigeLinks_DK5.jpg\",\"link\":\"https:\\\/\\\/gmsr.dk\\\/\",\"title\":\"Klik her\"}}]},{\"type\":\"grid\",\"props\":{\"show_title\":true,\"show_meta\":true,\"show_content\":true,\"show_image\":true,\"show_link\":true,\"grid_default\":\"1\",\"grid_medium\":\"3\",\"filter_style\":\"tab\",\"filter_all\":true,\"filter_position\":\"top\",\"filter_align\":\"left\",\"filter_grid_width\":\"auto\",\"filter_grid_breakpoint\":\"m\",\"title_hover_style\":\"reset\",\"title_element\":\"h3\",\"title_align\":\"top\",\"title_grid_width\":\"1-2\",\"title_grid_breakpoint\":\"m\",\"meta_style\":\"meta\",\"meta_align\":\"below-title\",\"meta_element\":\"div\",\"content_column_breakpoint\":\"m\",\"icon_width\":80,\"image_align\":\"top\",\"image_grid_width\":\"1-2\",\"image_grid_breakpoint\":\"m\",\"image_svg_color\":\"emphasis\",\"link_text\":\"\",\"link_style\":\"default\",\"margin\":\"default\",\"item_animation\":\"\",\"link_target\":true},\"children\":[{\"type\":\"grid_item\",\"props\":{\"title\":\"Tentativ pris p\\u00e5 CO2-certifikater \",\"image\":\"\",\"link\":\"https:\\\/\\\/ember-climate.org\\\/data\\\/carbon-price-viewer\\\/\",\"content\":\"\n\n<p>F\\u00f8lg prisudviklingen p\\u00e5 Co2 certifikater her. Prisen er vejledende.<\\\/p>\"}},{\"type\":\"grid_item\",\"props\":{\"title\":\"Et \\u00e5r med Co2-produktion\",\"link\":\"https:\\\/\\\/www.youtube.com\\\/watch?v=x1SgmFa0r04\",\"content\":\"\n\n<p>I et \\u00e5r, har NASA fulgt Co2-produktionen p\\u00e5 hele kloden. Bem\\u00e6rk, hvor meget Co2, der bliver udledt i marts-april, hvor mange marker bliver pl\\u00f8jet forud til v\\u00e5rafgr\\u00f8der<\\\/p>\"}},{\"type\":\"grid_item\",\"props\":{\"title\":\"Gr\\u00f8nne Marker & St\\u00e6rke R\\u00f8dder\",\"link\":\"https:\\\/\\\/gmsr.dk\\\/\",\"content\":\"\n\n<p>Projektet \\\"Gr\\u00f8nne Marker, St\\u00e6rke R\\u00f8dder\\\" har bl.a. unders\\u00f8gt forskellene p\\u00e5 drifts\\u00f8konomi og biodiversitet p\\u00e5 ejendomme med hhv. Conservation Agriculture, pl\\u00f8jet og harvede systemer.<\\\/p>\",\"image\":\"\"}}]},{\"type\":\"gallery\",\"props\":{\"show_title\":true,\"show_meta\":true,\"show_content\":true,\"show_link\":true,\"show_hover_image\":true,\"grid_default\":\"1\",\"grid_medium\":\"3\",\"filter_style\":\"tab\",\"filter_all\":true,\"filter_position\":\"top\",\"filter_align\":\"left\",\"filter_grid_width\":\"auto\",\"filter_grid_breakpoint\":\"m\",\"overlay_mode\":\"cover\",\"overlay_hover\":true,\"overlay_style\":\"overlay-primary\",\"text_color\":\"light\",\"overlay_position\":\"center\",\"overlay_transition\":\"fade\",\"title_hover_style\":\"reset\",\"title_element\":\"h3\",\"meta_style\":\"meta\",\"meta_align\":\"below-title\",\"meta_element\":\"div\",\"link_text\":\"\",\"link_style\":\"default\",\"text_align\":\"center\",\"margin\":\"default\",\"item_animation\":\"\",\"link_target\":true},\"children\":[{\"type\":\"gallery_item\",\"props\":{\"image\":\"wp-content\\\/uploads\\\/Logoer_NyttigeLinks_DK6.jpg\",\"link\":\"https:\\\/\\\/www.frdk.dk\\\/\",\"title\":\"Klik her\"}}]},{\"type\":\"grid\",\"props\":{\"show_title\":true,\"show_meta\":true,\"show_content\":true,\"show_image\":true,\"show_link\":true,\"grid_default\":\"1\",\"grid_medium\":\"3\",\"filter_style\":\"tab\",\"filter_all\":true,\"filter_position\":\"top\",\"filter_align\":\"left\",\"filter_grid_width\":\"auto\",\"filter_grid_breakpoint\":\"m\",\"title_hover_style\":\"reset\",\"title_element\":\"h3\",\"title_align\":\"top\",\"title_grid_width\":\"1-2\",\"title_grid_breakpoint\":\"m\",\"meta_style\":\"meta\",\"meta_align\":\"below-title\",\"meta_element\":\"div\",\"content_column_breakpoint\":\"m\",\"icon_width\":80,\"image_align\":\"top\",\"image_grid_width\":\"1-2\",\"image_grid_breakpoint\":\"m\",\"image_svg_color\":\"emphasis\",\"link_text\":\"\",\"link_style\":\"default\",\"margin\":\"default\",\"item_animation\":\"\",\"link_target\":true},\"children\":[{\"type\":\"grid_item\",\"props\":{\"title\":\"FRDK\",\"image\":\"\",\"link\":\"https:\\\/\\\/www.frdk.dk\\\/\",\"content\":\"\n\n<p>FRDK er den danske forening for reduceret jordbrug. FRDK s\\u00e6lger desuden efterafgr\\u00f8deblandinger og er formidler om det pl\\u00f8jefri system i Danmark sammen med Agrovi.<\\\/p>\"}}]}]}]}]}],\"version\":\"2.4.6\"} --><\/p>\n","protected":false},"excerpt":{"rendered":"<p>Nyttige links Her kan du finde links til artikler\/videoer, som kan v\u00e6re nyttige at kende til, n\u00e5r du tager kurset. Klik her Klik her Klik her Cool Farm Tool L\u00e6s mere om, den internationale udregningsmodel, der ligger til grund for Commodicarbons beregninger. Commoditrader Bes\u00f8g Commoditrader, hvor du ogs\u00e5 kan oprette din profil p\u00e5 Commodicarbon.\u00a0 Agrovi [&hellip;]<\/p>\n","protected":false},"author":1,"featured_media":0,"parent":0,"menu_order":0,"comment_status":"closed","ping_status":"closed","template":"","meta":{"_acf_changed":false,"footnotes":""},"class_list":["post-678","page","type-page","status-publish","hentry"],"acf":[],"_links":{"self":[{"href":"https:\/\/agroganic.com\/da\/wp-json\/wp\/v2\/pages\/678","targetHints":{"allow":["GET"]}}],"collection":[{"href":"https:\/\/agroganic.com\/da\/wp-json\/wp\/v2\/pages"}],"about":[{"href":"https:\/\/agroganic.com\/da\/wp-json\/wp\/v2\/types\/page"}],"author":[{"embeddable":true,"href":"https:\/\/agroganic.com\/da\/wp-json\/wp\/v2\/users\/1"}],"replies":[{"embeddable":true,"href":"https:\/\/agroganic.com\/da\/wp-json\/wp\/v2\/comments?post=678"}],"version-history":[{"count":56,"href":"https:\/\/agroganic.com\/da\/wp-json\/wp\/v2\/pages\/678\/revisions"}],"predecessor-version":[{"id":1229,"href":"https:\/\/agroganic.com\/da\/wp-json\/wp\/v2\/pages\/678\/revisions\/1229"}],"wp:attachment":[{"href":"https:\/\/agroganic.com\/da\/wp-json\/wp\/v2\/media?parent=678"}],"curies":[{"name":"wp","href":"https:\/\/api.w.org\/{rel}","templated":true}]}}