{"id":857,"date":"2021-03-12T14:22:23","date_gmt":"2021-03-12T13:22:23","guid":{"rendered":"https:\/\/enjoy.redhill.dk\/lms\/?page_id=857"},"modified":"2021-03-16T08:12:10","modified_gmt":"2021-03-16T07:12:10","slug":"forretningsbetingelser","status":"publish","type":"page","link":"https:\/\/agroganic.com\/da\/forretningsbetingelser\/","title":{"rendered":"Forretningsbetingelser"},"content":{"rendered":"<div>\n<p>    <img decoding=\"async\" src=\"\/wp-content\/uploads\/forretningsbetingelser-scaled.jpg\" alt=\"\"><\/p>\n<\/div>\n<h1>FORRETNINGSBETINGELSER<\/h1>\n<h1>\n<h3>AGROVI\u00b4S FORRETNINGSBETINGELSER FOR R\u00c5DGIVNING, PR. 25. MAJ 2018<\/h3>\n<\/h1>\n<div>\n<p><strong>1. Aftalegrundlag<\/strong><br \/>N\u00e6rv\u00e6rende forretningsbetingelser supplerer den mellem parterne indg\u00e5ede r\u00e5dgivningsaftale og udg\u00f8r s\u00e5ledes en integreret del af aftalegrundlaget.<\/p>\n<p>For s\u00e5 vidt der foreligger indbyrdes modstrid, viger n\u00e6rv\u00e6rende forretningsbetingelser for vilk\u00e5r, der fremg\u00e5r af r\u00e5dgivningsaftalen.<\/p>\n<p>For s\u00e5 vidt der foreligger indbyrdes modstrid, viger kundens eventuelle forretningsbetingelser, ordrebekr\u00e6ftelser mv., for n\u00e6rv\u00e6rende forretningsbetingelser.<\/p>\n<p>I alle andre tilf\u00e6lde reguleres forholdet mellem parterne i \u00f8vrigt af dansk rets almindelige regler.<\/p>\n<p><strong>2. \u00c6ndringer<\/strong><br \/>\u00c6ndringer og\/eller pr\u00e6ciseringer af det oprindelige aftalegrundlag skal ske skriftligt.<\/p>\n<p>Den part, som p\u00e5ber\u00e5ber sig en \u00e6ndring eller pr\u00e6cisering af det oprindelige aftalegrundlag, har bevisbyrden for, at en s\u00e5dan aftale er indg\u00e5et.<\/p>\n<p>Enhver \u00e6ndring af Agrovi\u00b4s ydelse som beskrevet i r\u00e5dgivningsaftalen anses som udgangspunkt for en opsigelse for s\u00e5 vidt ang\u00e5r den p\u00e5g\u00e6ldende ydelse og indg\u00e5else af en ny r\u00e5dgivningsaftale for s\u00e5 vidt ang\u00e5r den ydelse, kunden \u00f8nsker udf\u00f8rt i stedet. Der henvises til pkt. 3 om opsigelsesvarsel og pkt. 5 om pris.<\/p>\n<p><strong>3. Opsigelse<\/strong><br \/>Hver af parterne kan opsige r\u00e5dgivningsaftalen med 5 dages varsel.<\/p>\n<p>Inden for rammerne af r\u00e5dgivningsaftalens eventuelle tidsfrister er Agrovi frit stillet med hensyn til planl\u00e6gning af opgavens gennemf\u00f8relse. I tilf\u00e6lde af opsigelse er Agrovi berettiget til vederlag for det arbejde, der allerede er udf\u00f8rt og\/eller arbejde, som internt hos Agrovi er planlagt udf\u00f8rt inden udl\u00f8bet af opsigelsesvarslet.<\/p>\n<p>Kunden skal endvidere godtg\u00f8re Agrovi udgifter, som Agrovi forinden opsigelsen har forpligtet sig til over for tredjemand som led i opgavens udf\u00f8relse.<\/p>\n<p><strong>4. Bemyndigelse<\/strong><br \/>Den, der er anf\u00f8rt som kontaktperson for kunden, har bemyndigelse til \u2013 p\u00e5 kundens vegne \u2013 at disponere i enhver henseende i forhold, der ang\u00e5r denne aftale. Er flere kontaktpersoner anf\u00f8rt, g\u00e6lder ovenn\u00e6vnte hver af disse kontaktpersoner.<\/p>\n<p><strong>5. Honorar<\/strong><br \/>Ved afregning i henhold til overslag g\u00e6lder f\u00f8lgende:<\/p>\n<p>M\u00e5 det forudses, at det reelle tidsforbrug forbundet med gennemf\u00f8relsen af opgaven v\u00e6sentligt vil overstige det sk\u00f8nnede timeforbrug, underretter Agrovi kunden herom. Underretning skal ske snarest belejligt efter det tidspunkt, hvor Agrovi forudser, at overskridelsen bliver v\u00e6sentlig.<\/p>\n<p>Kunden og Agrovi dr\u00f8fter herefter, om det reviderede sk\u00f8n over timeforbrug kan accepteres, eller om Agrovi\u00b4s ydelse skal tilrettes. Kunden er i alle tilf\u00e6lde pligtig at betale vederlag for det timeforbrug, der indtil da er anvendt p\u00e5 opgaven.<\/p>\n<p>Det ovenfor anf\u00f8rte g\u00e6lder tilsvarende for s\u00e5 vidt, at opgaven til sin gennemf\u00f8relse foruds\u00e6tter afholdelse af udgifter i et niveau, der v\u00e6sentligt afviger fra det ved aftalens indg\u00e5else forudsatte.<\/p>\n<p>Ved fastprisaftale g\u00e6lder f\u00f8lgende:<\/p>\n<p>Den aftalte, faste pris omfatter alene de ydelser, Agrovi specifikt har p\u00e5taget sig at udf\u00f8re, jf. herved r\u00e5dgivningsaftalen.<\/p>\n<p>I det omfang en ydelse ikke udtrykkeligt er anf\u00f8rt under beskrivelsen af Agrovi\u00b4s ydelser, er den ikke omfattet af fastprisaftalen. Udf\u00f8res ydelsen alligevel af Agrovi, afregnes for den p\u00e5g\u00e6ldende ydelse ved siden af fastprisen, i s\u00e5 fald efter medg\u00e5et tid.<\/p>\n<p>I alle tilf\u00e6lde godtg\u00f8r kunden Agrovi samtlige udgifter, der er afholdt af Agrovi som led i opgavens l\u00f8sning.<\/p>\n<p><strong>6. Betaling<\/strong><br \/>Afregning sker ved opgavens afslutning og Agrovi\u00b4s betalingsbetingelser er 20 dage fra fakturadato.<\/p>\n<p>Efter forfaldsdato forrentes Agrovi\u00b4s tilgodehavende med morarenten, jf. rentelovens \u00a7 5, stk. 1.<\/p>\n<p><strong>7. Fortrolighed og persondata<\/strong><br \/>Agrovi p\u00e5tager sig ingen konkurrencebegr\u00e6nsninger som f\u00f8lge af opgaven.<\/p>\n<p>Agrovi p\u00e5tager sig at behandle materiale og oplysninger om kunden, der kommer Agrovi til kendskab som led i opgaven, fortroligt. Behandling af personoplysninger som led i r\u00e5dgivningen sker i henhold til dansk rets regler herom.<\/p>\n<p>Agrovi er berettiget til at anvende viden af generel og ikke-fortrolig karakter, der opn\u00e5s under udf\u00f8relsen af opgaven, i andre sammenh\u00e6nge og ved andre r\u00e5dgivningsopgaver.<\/p>\n<p>Agrovi videregiver kundens almindelige personoplysninger til Landbrug &amp; F\u00f8devarer F.m.b.A (L&amp;F \/ SEGES) til analyse-, forsknings- og statistiske form\u00e5l. I den forbindelse kan L&amp;F\/SEGES samk\u00f8re datas\u00e6t modtaget fra Agrovi, lokalforeninger, og fra \u00f8vrige virksomheder, med egne data. Du kan l\u00e6se L&amp;Fs persondatapolitik p\u00e5 lf.dk.<\/p>\n<p><strong>8. Materiale<\/strong><br \/>Kunden er i det omfang, det er forudsat i r\u00e5dgivningsaftalen, berettiget til at anvende det materiale, der er udarbejdet af Agrovi som led i r\u00e5dgivningen. Agrovi har i \u00f8vrigt alle rettigheder over sine ideer og det udarbejdede materiale, herunder ophavsret.<\/p>\n<p>Opsiges r\u00e5dgivningsaftalen, er kunden berettiget til udlevering af midlertidigt materiale betinget af, at kunden har opfyldt sin betalingsforpligtelse.<\/p>\n<p>For udleveret midlertidigt materiale g\u00e6lder under alle omst\u00e6ndigheder, at Agrovi\u00b4s navn ikke m\u00e5 benyttes i forbindelse med materialets anvendelse, og at Agrovi ikke er ansvarlig for fejl og mangler i materialet.<\/p>\n<p><strong>9. Ansvar<\/strong><br \/>Agrovi er ansvarlig for den ydede r\u00e5dgivning i overensstemmelse med dansk rets almindelige regler.<\/p>\n<p>Ansvaret for Agrovi kan dog under ingen omst\u00e6ndigheder overstige 10 mio. kr. pr. opgave.<\/p>\n<p>Er Agrovi ansvarlig for en skade, for hvilken andre r\u00e5dgivere\/konsulenter eller lignende ogs\u00e5 er ansvarlige, kan Agrovi\u00b4s erstatningsansvar dog under alle omst\u00e6ndigheder ikke overstige det laveste bel\u00f8b, hvormed de andre r\u00e5dgivere\/konsulenter eller lignende har begr\u00e6nset deres ansvar.<\/p>\n<p>Hvis r\u00e5dgivningen vedr\u00f8rer:<\/p>\n<ul>\n<li>Udarbejdelse af budgetter og budgetopf\u00f8lgning<\/li>\n<li>Milj\u00f8tjek, kemitjek, dyrevelf\u00e6rdstjek eller lignende<\/li>\n<li>Kontrol af f\u00e6llesskema eller skema til overdragelse af betalingsrettigheder eller andre skemaer, som i f\u00f8rste omgang er udfyldt af kunden, og hvor Agrovi dermed ikke har den fulde opgave<\/li>\n<li>Udarbejdelse og\/eller indsendelse af ans\u00f8gning og udbetalingsanmodning vedr\u00f8rende projekttilskud (Tilskud til milj\u00f8teknologi, modernisering af stalde samt lignende ordninger, dog ikke ordninger, der s\u00f8ges i F\u00e6llesskemaet)<\/li>\n<\/ul>\n<p>er ansvaret for Agrovi begr\u00e6nset til 10 gange honoraret for den konkrete opgave.<\/p>\n<p>Agrovi er ikke ansvarlig for driftstab, avancetab, tab af data, tab af goodwill eller andet indirekte og\/eller ikke-\u00f8konomisk tab.<\/p>\n<p>Agrovi h\u00e6fter ikke for fejl beg\u00e5et af andre r\u00e5dgivere, konsulenter og lignende, som Agrovi har henvist kunden til, ligesom Agrovi ikke h\u00e6fter for eventuelle fejl beg\u00e5et af underleverand\u00f8rer, som Agrovi efter aftale med kunden har overladt dele af opgavens l\u00f8sning til.<\/p>\n<p>Kunden kan alene rejse krav mod Agrovi og ikke mod de enkelte medarbejdere.<\/p>\n<p>Agrovi kan ikke holdes ansvarlig for krav, der m\u00e5tte opst\u00e5 som resultat af falsk, misvisende eller ufuldst\u00e6ndig information, data eller dokumentation, som er tilvejebragt af andre end Agrovi.<\/p>\n<p>Agrovi p\u00e5tager sig ikke ansvar over for andre parter (herunder tredjemand), som drager fordel af eller benytter den af Agrovi leverede ydelse eller opn\u00e5r adgang til ydelsen. Kunden forpligter sig til at godtg\u00f8re Agrovi\u00b4s forpligtelser, tab, udgifter eller andre omkostninger, som Agrovi m\u00e5tte p\u00e5drage sig i forbindelse med krav fra s\u00e5danne andre parter, samt krav mod Agrovi som f\u00f8lge af Kundens misligholdelse af r\u00e5dgivningsaftalen.<\/p>\n<p><strong>10. Lovvalg og v\u00e6rneting<\/strong><\/p>\n<p>Tvister om Agrovi\u00b4s r\u00e5dgivning, r\u00e5dgivningsaftalen og disse forretningsbetingelser er underlagt dansk ret bortset fra dansk rets internationale privatretlige regler.<\/p>\n<p>S\u00e5fremt kunden mener at have lidt et \u00f8konomisk tab i anledning af Agrovi\u00b4s r\u00e5dgivning, anmeldes krav hos Agrovi\u00b4s ansvarsforsikringsselskab v\/Afdelingen for Skade og Ansvar, att. Dorthe Laursen, Agro Food Park 15, 8200 Aarhus N.<\/p>\n<p>Retssag i anledning af Agrovi\u00b4s r\u00e5dgivning, r\u00e5dgivnings-aftalen og disse forretningsbetingelser skal anl\u00e6gges ved byretten i Hiller\u00f8d.<\/p>\n<\/div>\n<p><!--more--><br \/>\n<!-- {\"type\":\"layout\",\"children\":[{\"type\":\"section\",\"props\":{\"style\":\"default\",\"width\":\"default\",\"vertical_align\":\"middle\",\"title_position\":\"top-left\",\"title_rotation\":\"left\",\"title_breakpoint\":\"xl\",\"image_position\":\"center-center\"},\"children\":[{\"type\":\"row\",\"children\":[{\"type\":\"column\",\"props\":{\"image_position\":\"center-center\",\"media_overlay_gradient\":\"\"},\"children\":[{\"type\":\"slideshow\",\"props\":{\"show_title\":true,\"show_meta\":true,\"show_content\":true,\"show_link\":true,\"show_thumbnail\":true,\"slideshow_min_height\":300,\"slideshow_autoplay_pause\":true,\"nav\":\"dotnav\",\"nav_position\":\"bottom-center\",\"nav_position_margin\":\"medium\",\"nav_align\":\"center\",\"nav_breakpoint\":\"s\",\"thumbnav_width\":\"100\",\"thumbnav_height\":\"75\",\"thumbnav_svg_color\":\"emphasis\",\"slidenav\":\"default\",\"slidenav_margin\":\"medium\",\"slidenav_breakpoint\":\"s\",\"slidenav_outside_breakpoint\":\"xl\",\"overlay_position\":\"center-left\",\"overlay_animation\":\"parallax\",\"title_element\":\"h3\",\"meta_style\":\"meta\",\"meta_align\":\"below-title\",\"meta_element\":\"div\",\"link_text\":\"Read more\",\"link_style\":\"default\",\"margin\":\"default\"},\"children\":[{\"type\":\"slideshow_item\",\"props\":{\"image\":\"wp-content\\\/uploads\\\/forretningsbetingelser-scaled.jpg\"}}]},{\"type\":\"headline\",\"props\":{\"title_element\":\"h1\",\"content\":\"FORRETNINGSBETINGELSER\"}},{\"type\":\"headline\",\"props\":{\"title_element\":\"h1\",\"content\":\"\n\n<h3>AGROVI\\u00b4S FORRETNINGSBETINGELSER FOR R\\u00c5DGIVNING, PR. 25. MAJ 2018<\\\/h3>\"}},{\"type\":\"text\",\"props\":{\"margin\":\"default\",\"column_breakpoint\":\"m\",\"content\":\"\n\n<p><strong>1. Aftalegrundlag<\\\/strong><br \\\/>N\\u00e6rv\\u00e6rende forretningsbetingelser supplerer den mellem parterne indg\\u00e5ede r\\u00e5dgivningsaftale og udg\\u00f8r s\\u00e5ledes en integreret del af aftalegrundlaget.<\\\/p>\\n\n\n<p>For s\\u00e5 vidt der foreligger indbyrdes modstrid, viger n\\u00e6rv\\u00e6rende forretningsbetingelser for vilk\\u00e5r, der fremg\\u00e5r af r\\u00e5dgivningsaftalen.<\\\/p>\\n\n\n<p>For s\\u00e5 vidt der foreligger indbyrdes modstrid, viger kundens eventuelle forretningsbetingelser, ordrebekr\\u00e6ftelser mv., for n\\u00e6rv\\u00e6rende forretningsbetingelser.<\\\/p>\\n\n\n<p>I alle andre tilf\\u00e6lde reguleres forholdet mellem parterne i \\u00f8vrigt af dansk rets almindelige regler.<br \\\/><br \\\/><br \\\/><strong>2. \\u00c6ndringer<\\\/strong><br \\\/>\\u00c6ndringer og\\\/eller pr\\u00e6ciseringer af det oprindelige aftalegrundlag skal ske skriftligt.<\\\/p>\\n\n\n<p>Den part, som p\\u00e5ber\\u00e5ber sig en \\u00e6ndring eller pr\\u00e6cisering af det oprindelige aftalegrundlag, har bevisbyrden for, at en s\\u00e5dan aftale er indg\\u00e5et.<\\\/p>\\n\n\n<p>Enhver \\u00e6ndring af Agrovi\\u00b4s ydelse som beskrevet i r\\u00e5dgivningsaftalen anses som udgangspunkt for en opsigelse for s\\u00e5 vidt ang\\u00e5r den p\\u00e5g\\u00e6ldende ydelse og indg\\u00e5else af en ny r\\u00e5dgivningsaftale for s\\u00e5 vidt ang\\u00e5r den ydelse, kunden \\u00f8nsker udf\\u00f8rt i stedet. Der henvises til pkt. 3 om opsigelsesvarsel og pkt. 5 om pris.<br \\\/><br \\\/><br \\\/><strong>3. Opsigelse<\\\/strong><br \\\/>Hver af parterne kan opsige r\\u00e5dgivningsaftalen med 5 dages varsel.<\\\/p>\\n\n\n<p>Inden for rammerne af r\\u00e5dgivningsaftalens eventuelle tidsfrister er Agrovi frit stillet med hensyn til planl\\u00e6gning af opgavens gennemf\\u00f8relse. I tilf\\u00e6lde af opsigelse er Agrovi berettiget til vederlag for det arbejde, der allerede er udf\\u00f8rt og\\\/eller arbejde, som internt hos Agrovi er planlagt udf\\u00f8rt inden udl\\u00f8bet af opsigelsesvarslet.<\\\/p>\\n\n\n<p>Kunden skal endvidere godtg\\u00f8re Agrovi udgifter, som Agrovi forinden opsigelsen har forpligtet sig til over for tredjemand som led i opgavens udf\\u00f8relse.<br \\\/><br \\\/><br \\\/><strong>4. Bemyndigelse<\\\/strong><br \\\/>Den, der er anf\\u00f8rt som kontaktperson for kunden, har bemyndigelse til \\u2013 p\\u00e5 kundens vegne \\u2013 at disponere i enhver henseende i forhold, der ang\\u00e5r denne aftale. Er flere kontaktpersoner anf\\u00f8rt, g\\u00e6lder ovenn\\u00e6vnte hver af disse kontaktpersoner.<br \\\/><br \\\/><br \\\/><strong>5. Honorar<\\\/strong><br \\\/>Ved afregning i henhold til overslag g\\u00e6lder f\\u00f8lgende:<\\\/p>\\n\n\n<p>M\\u00e5 det forudses, at det reelle tidsforbrug forbundet med gennemf\\u00f8relsen af opgaven v\\u00e6sentligt vil overstige det sk\\u00f8nnede timeforbrug, underretter Agrovi kunden herom. Underretning skal ske snarest belejligt efter det tidspunkt, hvor Agrovi forudser, at overskridelsen bliver v\\u00e6sentlig.<\\\/p>\\n\n\n<p>Kunden og Agrovi dr\\u00f8fter herefter, om det reviderede sk\\u00f8n over timeforbrug kan accepteres, eller om Agrovi\\u00b4s ydelse skal tilrettes. Kunden er i alle tilf\\u00e6lde pligtig at betale vederlag for det timeforbrug, der indtil da er anvendt p\\u00e5 opgaven.<\\\/p>\\n\n\n<p>Det ovenfor anf\\u00f8rte g\\u00e6lder tilsvarende for s\\u00e5 vidt, at opgaven til sin gennemf\\u00f8relse foruds\\u00e6tter afholdelse af udgifter i et niveau, der v\\u00e6sentligt afviger fra det ved aftalens indg\\u00e5else forudsatte.<\\\/p>\\n\n\n<p>Ved fastprisaftale g\\u00e6lder f\\u00f8lgende:<\\\/p>\\n\n\n<p>Den aftalte, faste pris omfatter alene de ydelser, Agrovi specifikt har p\\u00e5taget sig at udf\\u00f8re, jf. herved r\\u00e5dgivningsaftalen.<\\\/p>\\n\n\n<p>I det omfang en ydelse ikke udtrykkeligt er anf\\u00f8rt under beskrivelsen af Agrovi\\u00b4s ydelser, er den ikke omfattet af fastprisaftalen. Udf\\u00f8res ydelsen alligevel af Agrovi, afregnes for den p\\u00e5g\\u00e6ldende ydelse ved siden af fastprisen, i s\\u00e5 fald efter medg\\u00e5et tid.<\\\/p>\\n\n\n<p>I alle tilf\\u00e6lde godtg\\u00f8r kunden Agrovi samtlige udgifter, der er afholdt af Agrovi som led i opgavens l\\u00f8sning.<br \\\/><br \\\/><br \\\/><strong>6. Betaling<\\\/strong><br \\\/>Afregning sker ved opgavens afslutning og Agrovi\\u00b4s betalingsbetingelser er 20 dage fra fakturadato.<\\\/p>\\n\n\n<p>Efter forfaldsdato forrentes Agrovi\\u00b4s tilgodehavende med morarenten, jf. rentelovens \\u00a7 5, stk. 1.<br \\\/><br \\\/><br \\\/><strong>7. Fortrolighed og persondata<\\\/strong><br \\\/>Agrovi p\\u00e5tager sig ingen konkurrencebegr\\u00e6nsninger som f\\u00f8lge af opgaven.<\\\/p>\\n\n\n<p>Agrovi p\\u00e5tager sig at behandle materiale og oplysninger om kunden, der kommer Agrovi til kendskab som led i opgaven, fortroligt. Behandling af personoplysninger som led i r\\u00e5dgivningen sker i henhold til dansk rets regler herom.<\\\/p>\\n\n\n<p>Agrovi er berettiget til at anvende viden af generel og ikke-fortrolig karakter, der opn\\u00e5s under udf\\u00f8relsen af opgaven, i andre sammenh\\u00e6nge og ved andre r\\u00e5dgivningsopgaver.<\\\/p>\\n\n\n<p>Agrovi videregiver kundens almindelige personoplysninger til Landbrug &amp; F\\u00f8devarer F.m.b.A (L&amp;F \\\/ SEGES) til analyse-, forsknings- og statistiske form\\u00e5l. I den forbindelse kan L&amp;F\\\/SEGES samk\\u00f8re datas\\u00e6t modtaget fra Agrovi, lokalforeninger, og fra \\u00f8vrige virksomheder, med egne data. Du kan l\\u00e6se L&amp;Fs persondatapolitik p\\u00e5 lf.dk.<br \\\/><br \\\/><br \\\/><strong>8. Materiale<\\\/strong><br \\\/>Kunden er i det omfang, det er forudsat i r\\u00e5dgivningsaftalen, berettiget til at anvende det materiale, der er udarbejdet af Agrovi som led i r\\u00e5dgivningen. Agrovi har i \\u00f8vrigt alle rettigheder over sine ideer og det udarbejdede materiale, herunder ophavsret.<\\\/p>\\n\n\n<p>Opsiges r\\u00e5dgivningsaftalen, er kunden berettiget til udlevering af midlertidigt materiale betinget af, at kunden har opfyldt sin betalingsforpligtelse.<\\\/p>\\n\n\n<p>For udleveret midlertidigt materiale g\\u00e6lder under alle omst\\u00e6ndigheder, at Agrovi\\u00b4s navn ikke m\\u00e5 benyttes i forbindelse med materialets anvendelse, og at Agrovi ikke er ansvarlig for fejl og mangler i materialet.<br \\\/><br \\\/><br \\\/><strong>9. Ansvar<\\\/strong><br \\\/>Agrovi er ansvarlig for den ydede r\\u00e5dgivning i overensstemmelse med dansk rets almindelige regler.<\\\/p>\\n\n\n<p>Ansvaret for Agrovi kan dog under ingen omst\\u00e6ndigheder overstige 10 mio. kr. pr. opgave.<\\\/p>\\n\n\n<p>Er Agrovi ansvarlig for en skade, for hvilken andre r\\u00e5dgivere\\\/konsulenter eller lignende ogs\\u00e5 er ansvarlige, kan Agrovi\\u00b4s erstatningsansvar dog under alle omst\\u00e6ndigheder ikke overstige det laveste bel\\u00f8b, hvormed de andre r\\u00e5dgivere\\\/konsulenter eller lignende har begr\\u00e6nset deres ansvar.<\\\/p>\\n\n\n<p>Hvis r\\u00e5dgivningen vedr\\u00f8rer:<\\\/p>\\n\n\n<ul>\\n\n\n<li>Udarbejdelse af budgetter og budgetopf\\u00f8lgning<\\\/li>\\n\n\n<li>Milj\\u00f8tjek, kemitjek, dyrevelf\\u00e6rdstjek eller lignende<\\\/li>\\n\n\n<li>Kontrol af f\\u00e6llesskema eller skema til overdragelse af betalingsrettigheder eller andre skemaer, som i f\\u00f8rste omgang er udfyldt af kunden, og hvor Agrovi dermed ikke har den fulde opgave<\\\/li>\\n\n\n<li>Udarbejdelse og\\\/eller indsendelse af ans\\u00f8gning og udbetalingsanmodning vedr\\u00f8rende projekttilskud (Tilskud til milj\\u00f8teknologi, modernisering af stalde samt lignende ordninger, dog ikke ordninger, der s\\u00f8ges i F\\u00e6llesskemaet)<\\\/li>\\n<\\\/ul>\\n\n\n<p>er ansvaret for Agrovi begr\\u00e6nset til 10 gange honoraret for den konkrete opgave.<\\\/p>\\n\n\n<p>Agrovi er ikke ansvarlig for driftstab, avancetab, tab af data, tab af goodwill eller andet indirekte og\\\/eller ikke-\\u00f8konomisk tab.<\\\/p>\\n\n\n<p>Agrovi h\\u00e6fter ikke for fejl beg\\u00e5et af andre r\\u00e5dgivere, konsulenter og lignende, som Agrovi har henvist kunden til, ligesom Agrovi ikke h\\u00e6fter for eventuelle fejl beg\\u00e5et af underleverand\\u00f8rer, som Agrovi efter aftale med kunden har overladt dele af opgavens l\\u00f8sning til.<\\\/p>\\n\n\n<p>Kunden kan alene rejse krav mod Agrovi og ikke mod de enkelte medarbejdere.<\\\/p>\\n\n\n<p>Agrovi kan ikke holdes ansvarlig for krav, der m\\u00e5tte opst\\u00e5 som resultat af falsk, misvisende eller ufuldst\\u00e6ndig information, data eller dokumentation, som er tilvejebragt af andre end Agrovi.<\\\/p>\\n\n\n<p>Agrovi p\\u00e5tager sig ikke ansvar over for andre parter (herunder tredjemand), som drager fordel af eller benytter den af Agrovi leverede ydelse eller opn\\u00e5r adgang til ydelsen. Kunden forpligter sig til at godtg\\u00f8re Agrovi\\u00b4s forpligtelser, tab, udgifter eller andre omkostninger, som Agrovi m\\u00e5tte p\\u00e5drage sig i forbindelse med krav fra s\\u00e5danne andre parter, samt krav mod Agrovi som f\\u00f8lge af Kundens misligholdelse af r\\u00e5dgivningsaftalen.<br \\\/><br \\\/><br \\\/><strong>10. Lovvalg og v\\u00e6rneting<\\\/strong><\\\/p>\\n\n\n<p>Tvister om Agrovi\\u00b4s r\\u00e5dgivning, r\\u00e5dgivningsaftalen og disse forretningsbetingelser er underlagt dansk ret bortset fra dansk rets internationale privatretlige regler.<\\\/p>\\n\n\n<p>S\\u00e5fremt kunden mener at have lidt et \\u00f8konomisk tab i anledning af Agrovi\\u00b4s r\\u00e5dgivning, anmeldes krav hos Agrovi\\u00b4s ansvarsforsikringsselskab v\\\/Afdelingen for Skade og Ansvar, att. Dorthe Laursen, Agro Food Park 15, 8200 Aarhus N.<\\\/p>\\n\n\n<p>Retssag i anledning af Agrovi\\u00b4s r\\u00e5dgivning, r\\u00e5dgivnings-aftalen og disse forretningsbetingelser skal anl\\u00e6gges ved byretten i Hiller\\u00f8d.<\\\/p>\"}}]}]}]}],\"version\":\"2.4.3\"} --><\/p>\n","protected":false},"excerpt":{"rendered":"<p>FORRETNINGSBETINGELSER AGROVI\u00b4S FORRETNINGSBETINGELSER FOR R\u00c5DGIVNING, PR. 25. MAJ 2018 1. AftalegrundlagN\u00e6rv\u00e6rende forretningsbetingelser supplerer den mellem parterne indg\u00e5ede r\u00e5dgivningsaftale og udg\u00f8r s\u00e5ledes en integreret del af aftalegrundlaget. For s\u00e5 vidt der foreligger indbyrdes modstrid, viger n\u00e6rv\u00e6rende forretningsbetingelser for vilk\u00e5r, der fremg\u00e5r af r\u00e5dgivningsaftalen. For s\u00e5 vidt der foreligger indbyrdes modstrid, viger kundens eventuelle forretningsbetingelser, ordrebekr\u00e6ftelser mv., [&hellip;]<\/p>\n","protected":false},"author":1,"featured_media":0,"parent":0,"menu_order":0,"comment_status":"closed","ping_status":"closed","template":"","meta":{"_acf_changed":false,"footnotes":""},"class_list":["post-857","page","type-page","status-publish","hentry"],"acf":[],"_links":{"self":[{"href":"https:\/\/agroganic.com\/da\/wp-json\/wp\/v2\/pages\/857","targetHints":{"allow":["GET"]}}],"collection":[{"href":"https:\/\/agroganic.com\/da\/wp-json\/wp\/v2\/pages"}],"about":[{"href":"https:\/\/agroganic.com\/da\/wp-json\/wp\/v2\/types\/page"}],"author":[{"embeddable":true,"href":"https:\/\/agroganic.com\/da\/wp-json\/wp\/v2\/users\/1"}],"replies":[{"embeddable":true,"href":"https:\/\/agroganic.com\/da\/wp-json\/wp\/v2\/comments?post=857"}],"version-history":[{"count":3,"href":"https:\/\/agroganic.com\/da\/wp-json\/wp\/v2\/pages\/857\/revisions"}],"predecessor-version":[{"id":880,"href":"https:\/\/agroganic.com\/da\/wp-json\/wp\/v2\/pages\/857\/revisions\/880"}],"wp:attachment":[{"href":"https:\/\/agroganic.com\/da\/wp-json\/wp\/v2\/media?parent=857"}],"curies":[{"name":"wp","href":"https:\/\/api.w.org\/{rel}","templated":true}]}}